{"id":22503,"date":"2014-08-08T19:17:29","date_gmt":"2014-08-08T19:17:29","guid":{"rendered":"http:\/\/the7.dream-demo.com\/?page_id=22503"},"modified":"2025-09-08T06:28:58","modified_gmt":"2025-09-08T06:28:58","slug":"contact","status":"publish","type":"page","link":"http:\/\/daciacluj.ro\/dacia-cluj\/contact\/","title":{"rendered":"Contact"},"content":{"rendered":"<div class=\"wpb-content-wrapper\"><p>[vc_row margin_top=&#8221;0&#8243; margin_bottom=&#8221;-35&#8243;][vc_column offset=&#8221;vc_col-lg-4 vc_col-md-4 vc_col-xs-12&#8243;][vc_column_text css=&#8221;&#8221;]<\/p>\n<h4 class=\"views-field views-field-title\"><span style=\"font-family: dacia-block; font-size: 18pt;\"><strong><span class=\"field-content\">DACIA SERVICE CLUJ<\/span><\/strong><\/span><\/h4>\n<p>[\/vc_column_text][vc_empty_space height=&#8221;24px&#8221;][vc_column_text]\n<div class=\"wpcf7 no-js\" id=\"wpcf7-f42947-o1\" lang=\"ro-RO\" dir=\"ltr\" data-wpcf7-id=\"42947\">\n<div class=\"screen-reader-response\"><p role=\"status\" aria-live=\"polite\" aria-atomic=\"true\"><\/p> <ul><\/ul><\/div>\n<form action=\"\/dacia-cluj\/wp-json\/wp\/v2\/pages\/22503#wpcf7-f42947-o1\" method=\"post\" class=\"wpcf7-form init\" aria-label=\"Formular de contact\" novalidate=\"novalidate\" data-status=\"init\">\n<div style=\"display: none;\">\n<input type=\"hidden\" name=\"_wpcf7\" value=\"42947\" \/>\n<input type=\"hidden\" name=\"_wpcf7_version\" value=\"6.0.4\" \/>\n<input type=\"hidden\" name=\"_wpcf7_locale\" value=\"ro_RO\" \/>\n<input type=\"hidden\" name=\"_wpcf7_unit_tag\" value=\"wpcf7-f42947-o1\" \/>\n<input type=\"hidden\" name=\"_wpcf7_container_post\" value=\"0\" \/>\n<input type=\"hidden\" name=\"_wpcf7_posted_data_hash\" value=\"\" \/>\n<\/div>\n<p>Numele t\u0103u (obligatoriu)\n<\/p>\n<p><span class=\"wpcf7-form-control-wrap\" data-name=\"your-name\"><input size=\"40\" maxlength=\"400\" class=\"wpcf7-form-control wpcf7-text wpcf7-validates-as-required\" aria-required=\"true\" aria-invalid=\"false\" value=\"\" type=\"text\" name=\"your-name\" \/><\/span>\n<\/p>\n<p>Adresa ta de email (obligatoriu)\n<\/p>\n<p><span class=\"wpcf7-form-control-wrap\" data-name=\"your-email\"><input size=\"40\" maxlength=\"400\" class=\"wpcf7-form-control wpcf7-email wpcf7-validates-as-required wpcf7-text wpcf7-validates-as-email\" aria-required=\"true\" aria-invalid=\"false\" value=\"\" type=\"email\" name=\"your-email\" \/><\/span>\n<\/p>\n<p>Subiect\n<\/p>\n<p><span class=\"wpcf7-form-control-wrap\" data-name=\"your-subject\"><input size=\"40\" maxlength=\"400\" class=\"wpcf7-form-control wpcf7-text\" aria-invalid=\"false\" value=\"\" type=\"text\" name=\"your-subject\" \/><\/span>\n<\/p>\n<p>Mesajul t\u0103u\n<\/p>\n<p><span class=\"wpcf7-form-control-wrap\" data-name=\"your-message\"><textarea cols=\"40\" rows=\"10\" maxlength=\"2000\" class=\"wpcf7-form-control wpcf7-textarea\" aria-invalid=\"false\" name=\"your-message\"><\/textarea><\/span>\n<\/p>\n<p><span style=\"font-size: 8pt;\">Am citit \u0219i sunt de acord cu <a href=\"http:\/\/daciacluj.ro\/termenii-si-conditiile-privind-prelucrarea-datelor-personale\/\" target=\"_blank\">termenii \u0219i condi\u021biile<\/a> privind prelucrarea datelor personale de c\u0103tre Dacia Cluj<\/span>\n<\/p>\n<p><span class=\"wpcf7-form-control-wrap\" data-name=\"accept_termeni\"><span class=\"wpcf7-form-control wpcf7-acceptance\"><span class=\"wpcf7-list-item\"><input type=\"checkbox\" name=\"accept_termeni\" value=\"1\" aria-invalid=\"false\" \/><\/span><\/span><\/span>\n<\/p>\n<p><input class=\"wpcf7-form-control wpcf7-submit has-spinner\" type=\"submit\" value=\"Trimite\" \/>\n<\/p><div class=\"wpcf7-response-output\" aria-hidden=\"true\"><\/div>\n<\/form>\n<\/div>\n[\/vc_column_text][vc_empty_space height=&#8221;40px&#8221;][\/vc_column][vc_column width=&#8221;1\/2&#8243; offset=&#8221;vc_col-lg-4 vc_col-md-4 vc_col-xs-12&#8243;][vc_column_text css=&#8221;&#8221;]<\/p>\n<h4 style=\"text-align: center;\"><span style=\"font-family: dacia-block; font-size: 12pt; color: #000000;\">LOCALIZARE<\/span><\/h4>\n<p>[\/vc_column_text][vc_empty_space height=&#8221;16px&#8221;][vc_gmaps link=&#8221;#E-8_JTNDaWZyYW1lJTIwc3JjJTNEJTIyaHR0cHMlM0ElMkYlMkZ3d3cuZ29vZ2xlLmNvbSUyRm1hcHMlMkZlbWJlZCUzRnBiJTNEJTIxMW0xOCUyMTFtMTIlMjExbTMlMjExZDI3MzQuMjAwMDQxNDQ2NjM2JTIxMmQyMy41ODk0ODE2OTY5MjM4MTYlMjEzZDQ2Ljc0MTIzNzczOTI4MzUwNSUyMTJtMyUyMTFmMCUyMTJmMCUyMTNmMCUyMTNtMiUyMTFpMTAyNCUyMTJpNzY4JTIxNGYxMy4xJTIxM20zJTIxMW0yJTIxMXMweDQ3NDkwZGMxMTdmNWIzMjElMjUzQTB4NTFlODhhYzRlMTI5OWMwNiUyMTJzRGFjaWElMjUyMFNlcnZpY2UlMjE1ZTAlMjEzbTIlMjExc2VuJTIxMnNybyUyMTR2MTcxNjI4NzMxNTY5MyUyMTVtMiUyMTFzZW4lMjEyc3JvJTIyJTIwd2lkdGglM0QlMjI2MDAlMjIlMjBoZWlnaHQlM0QlMjI0NTAlMjIlMjBzdHlsZSUzRCUyMmJvcmRlciUzQTAlM0IlMjIlMjBhbGxvd2Z1bGxzY3JlZW4lM0QlMjIlMjIlMjBsb2FkaW5nJTNEJTIybGF6eSUyMiUyMHJlZmVycmVycG9saWN5JTNEJTIybm8tcmVmZXJyZXItd2hlbi1kb3duZ3JhZGUlMjIlM0UlM0MlMkZpZnJhbWUlM0U=&#8221;][vc_empty_space height=&#8221;45px&#8221;][\/vc_column][vc_column width=&#8221;1\/2&#8243; offset=&#8221;vc_col-lg-4 vc_col-md-4 vc_col-xs-12&#8243;][vc_column_text css=&#8221;&#8221;]<\/p>\n<h4><span style=\"font-family: dacia-block; font-size: 12pt; color: #000000;\">INFORMA\u021aII CONTACT<\/span><\/h4>\n<p>[\/vc_column_text][vc_empty_space height=&#8221;8px&#8221;][vc_column_text css=&#8221;&#8221;]<span style=\"font-family: dacia-block;\"><strong>Adresa:<\/strong><\/span><br \/>\n<span style=\"font-family: dacia-block;\">Calea Turzii nr. 253-255, Cluj Napoca<\/span><\/p>\n<p><span style=\"font-family: dacia-block;\"><strong>V\u00e2nz\u0103ri:<\/strong><\/span><br \/>\n<span style=\"font-family: dacia-block;\">Tel.: 0264438449<\/span><br \/>\n<span style=\"font-family: dacia-block;\">E-mail: dirvn.feleac@otcgroup.ro<\/span><\/p>\n<p><span style=\"font-family: dacia-block;\"><strong>Programare service:<\/strong><\/span><br \/>\n<span style=\"font-family: dacia-block;\">Tel.: 0744438888<\/span><\/p>\n<p><span style=\"font-family: dacia-block;\"><strong>Service caroserie:<\/strong><\/span><\/p>\n<p><span style=\"font-family: dacia-block;\">Tel.: 0733336706;<\/span><br \/>\n<span style=\"font-family: dacia-block;\">E-mail: caroserie.feleac@otcgroup.ro<\/span><\/p>\n<p><span style=\"font-family: dacia-block;\"><strong>Calitate:<\/strong><\/span><br \/>\n<span style=\"font-family: dacia-block;\">calitate@otcgroup.ro<\/span><\/p>\n<p><span style=\"font-family: dacia-block;\">Tel. piese schimb: 0748887336<\/span><\/p>\n<p><span style=\"font-family: dacia-block;\">Tel. ITP: 0733336707<\/span><\/p>\n<p><span style=\"font-family: dacia-block;\">Tel. sugestii \u0219i reclama\u021bii:\u00a0<\/span><\/p>\n<p><span style=\"font-family: dacia-block;\">Fax: <span lang=\"RO\">0264\/<\/span><span lang=\"RO\">704749<\/span><\/span>[\/vc_column_text][vc_empty_space height=&#8221;8px&#8221;][vc_empty_space height=&#8221;8px&#8221;][vc_column_text css=&#8221;&#8221;]<span style=\"font-family: dacia-block; color: #000000;\"><strong><span class=\"color-title\">ORAR V\u00c2NZ\u0102RI:<\/span><\/strong><\/span><br \/>\n<span style=\"font-family: dacia-block; color: #000000;\">Luni \u2013 Vineri <strong><span style=\"color: #646b52;\">08.00 &#8211; 18.00<\/span><\/strong><\/span><\/p>\n<p><span style=\"font-family: dacia-block; color: #000000;\">S\u00e2mb\u0103t\u0103:<span style=\"color: #646b52;\"><strong> 09.00 &#8211; 14.00<\/strong><\/span><\/span><\/p>\n<p><span style=\"font-family: dacia-block; color: #000000;\"><strong><span class=\"color-title\">ORAR SERVICE:<\/span><\/strong><\/span><br \/>\n<span style=\"font-family: dacia-block; color: #000000;\">Luni \u2013 Vineri <strong><span style=\"color: #646b52;\">08.00 &#8211; 17.00<\/span><\/strong><\/span>[\/vc_column_text][vc_empty_space height=&#8221;8px&#8221;][\/vc_column][\/vc_row][vc_row][vc_column][vc_empty_space height=&#8221;16px&#8221;]<div class=\"hr-thin style-line\" style=\"width: 100%;border-color: #646B52;border-top-width: 2px;\"><\/div>[vc_empty_space height=&#8221;16px&#8221;][\/vc_column][\/vc_row][vc_row][vc_column][vc_empty_space][\/vc_column][\/vc_row][vc_row][vc_column width=&#8221;1\/4&#8243;]<style type=\"text\/css\" data-type=\"the7_shortcodes-inline-css\">#default-btn-a93b72abe0d9f8537c99ea0f057abd4f.ico-right-side > i {\n  margin-right: 0px;\n  margin-left: 8px;\n}\n#default-btn-a93b72abe0d9f8537c99ea0f057abd4f > i {\n  margin-right: 8px;\n}\n<\/style><div class=\"btn-align-center\"><a href=\"https:\/\/daciacluj.ro\/dacia-cluj\/programare-drive-test\/\" class=\"default-btn-shortcode dt-btn dt-btn-m link-hover-off \" id=\"default-btn-a93b72abe0d9f8537c99ea0f057abd4f\" title=\"Programare Drive Test\"><span>PROGRAMARE DRIVE TEST<\/span><\/a><\/div>[\/vc_column][vc_column width=&#8221;1\/4&#8243;]<style type=\"text\/css\" data-type=\"the7_shortcodes-inline-css\">#default-btn-f9a20440a4b78824660e080fae809042.ico-right-side > i {\n  margin-right: 0px;\n  margin-left: 8px;\n}\n#default-btn-f9a20440a4b78824660e080fae809042 > i {\n  margin-right: 8px;\n}\n<\/style><div class=\"btn-align-center\"><a href=\"https:\/\/daciacluj.ro\/dacia-cluj\/solicitare-oferta\/\" class=\"default-btn-shortcode dt-btn dt-btn-m link-hover-off \" id=\"default-btn-f9a20440a4b78824660e080fae809042\" title=\"Solicitare Ofert\u0103\"><span>SOLICITARE OFERT\u0102<\/span><\/a><\/div>[\/vc_column][vc_column width=&#8221;1\/4&#8243;]<style type=\"text\/css\" data-type=\"the7_shortcodes-inline-css\">#default-btn-0c0f11055dacd43590a83d2526324b7b.ico-right-side > i {\n  margin-right: 0px;\n  margin-left: 8px;\n}\n#default-btn-0c0f11055dacd43590a83d2526324b7b > i {\n  margin-right: 8px;\n}\n<\/style><div class=\"btn-align-center\"><a href=\"https:\/\/daciacluj.ro\/dacia-cluj\/programare-in-service\/\" class=\"default-btn-shortcode dt-btn dt-btn-m link-hover-off \" id=\"default-btn-0c0f11055dacd43590a83d2526324b7b\" title=\"Programare \u00cen Service\"><span>PROGRAMARE \u00ceN SERVICE<\/span><\/a><\/div>[\/vc_column][vc_column width=&#8221;1\/4&#8243;]<style type=\"text\/css\" data-type=\"the7_shortcodes-inline-css\">#default-btn-aad9cf7bccbca4198b1ba4a87d21c4e3.ico-right-side > i {\n  margin-right: 0px;\n  margin-left: 8px;\n}\n#default-btn-aad9cf7bccbca4198b1ba4a87d21c4e3 > i {\n  margin-right: 8px;\n}\n<\/style><div class=\"btn-align-center\"><a href=\"https:\/\/daciacluj.ro\/dacia-cluj\/programare-itp\/\" class=\"default-btn-shortcode dt-btn dt-btn-m link-hover-off \" id=\"default-btn-aad9cf7bccbca4198b1ba4a87d21c4e3\" title=\"Programare ITP\"><span>PROGRAMARE ITP<\/span><\/a><\/div>[\/vc_column][\/vc_row]<\/p>\n<\/div>","protected":false},"excerpt":{"rendered":"<p>[vc_row margin_top=&#8221;0&#8243; margin_bottom=&#8221;-35&#8243;][vc_column offset=&#8221;vc_col-lg-4 vc_col-md-4 vc_col-xs-12&#8243;][vc_column_text css=&#8221;&#8221;] DACIA SERVICE CLUJ [\/vc_column_text][vc_empty_space height=&#8221;24px&#8221;][vc_column_text][\/vc_column_text][vc_empty_space height=&#8221;40px&#8221;][\/vc_column][vc_column width=&#8221;1\/2&#8243; offset=&#8221;vc_col-lg-4 vc_col-md-4 vc_col-xs-12&#8243;][vc_column_text css=&#8221;&#8221;] LOCALIZARE [\/vc_column_text][vc_empty_space height=&#8221;16px&#8221;][vc_gmaps link=&#8221;#E-8_JTNDaWZyYW1lJTIwc3JjJTNEJTIyaHR0cHMlM0ElMkYlMkZ3d3cuZ29vZ2xlLmNvbSUyRm1hcHMlMkZlbWJlZCUzRnBiJTNEJTIxMW0xOCUyMTFtMTIlMjExbTMlMjExZDI3MzQuMjAwMDQxNDQ2NjM2JTIxMmQyMy41ODk0ODE2OTY5MjM4MTYlMjEzZDQ2Ljc0MTIzNzczOTI4MzUwNSUyMTJtMyUyMTFmMCUyMTJmMCUyMTNmMCUyMTNtMiUyMTFpMTAyNCUyMTJpNzY4JTIxNGYxMy4xJTIxM20zJTIxMW0yJTIxMXMweDQ3NDkwZGMxMTdmNWIzMjElMjUzQTB4NTFlODhhYzRlMTI5OWMwNiUyMTJzRGFjaWElMjUyMFNlcnZpY2UlMjE1ZTAlMjEzbTIlMjExc2VuJTIxMnNybyUyMTR2MTcxNjI4NzMxNTY5MyUyMTVtMiUyMTFzZW4lMjEyc3JvJTIyJTIwd2lkdGglM0QlMjI2MDAlMjIlMjBoZWlnaHQlM0QlMjI0NTAlMjIlMjBzdHlsZSUzRCUyMmJvcmRlciUzQTAlM0IlMjIlMjBhbGxvd2Z1bGxzY3JlZW4lM0QlMjIlMjIlMjBsb2FkaW5nJTNEJTIybGF6eSUyMiUyMHJlZmVycmVycG9saWN5JTNEJTIybm8tcmVmZXJyZXItd2hlbi1kb3duZ3JhZGUlMjIlM0UlM0MlMkZpZnJhbWUlM0U=&#8221;][vc_empty_space height=&#8221;45px&#8221;][\/vc_column][vc_column width=&#8221;1\/2&#8243; offset=&#8221;vc_col-lg-4 vc_col-md-4 vc_col-xs-12&#8243;][vc_column_text css=&#8221;&#8221;] INFORMA\u021aII CONTACT [\/vc_column_text][vc_empty_space height=&#8221;8px&#8221;][vc_column_text css=&#8221;&#8221;]Adresa: Calea Turzii nr. 253-255, Cluj Napoca V\u00e2nz\u0103ri: Tel.: 0264438449 E-mail: dirvn.feleac@otcgroup.ro Programare service: Tel.: 0744438888 Service caroserie: Tel.: 0733336706; E-mail: caroserie.feleac@otcgroup.ro Calitate:&hellip;<\/p>\n","protected":false},"author":1,"featured_media":0,"parent":0,"menu_order":10,"comment_status":"closed","ping_status":"closed","template":"","meta":{"footnotes":""},"class_list":["post-22503","page","type-page","status-publish","hentry","description-off"],"_links":{"self":[{"href":"http:\/\/daciacluj.ro\/dacia-cluj\/wp-json\/wp\/v2\/pages\/22503","targetHints":{"allow":["GET"]}}],"collection":[{"href":"http:\/\/daciacluj.ro\/dacia-cluj\/wp-json\/wp\/v2\/pages"}],"about":[{"href":"http:\/\/daciacluj.ro\/dacia-cluj\/wp-json\/wp\/v2\/types\/page"}],"author":[{"embeddable":true,"href":"http:\/\/daciacluj.ro\/dacia-cluj\/wp-json\/wp\/v2\/users\/1"}],"replies":[{"embeddable":true,"href":"http:\/\/daciacluj.ro\/dacia-cluj\/wp-json\/wp\/v2\/comments?post=22503"}],"version-history":[{"count":92,"href":"http:\/\/daciacluj.ro\/dacia-cluj\/wp-json\/wp\/v2\/pages\/22503\/revisions"}],"predecessor-version":[{"id":45120,"href":"http:\/\/daciacluj.ro\/dacia-cluj\/wp-json\/wp\/v2\/pages\/22503\/revisions\/45120"}],"wp:attachment":[{"href":"http:\/\/daciacluj.ro\/dacia-cluj\/wp-json\/wp\/v2\/media?parent=22503"}],"curies":[{"name":"wp","href":"https:\/\/api.w.org\/{rel}","templated":true}]}}