{"id":30260,"date":"2014-10-22T08:30:57","date_gmt":"2014-10-22T08:30:57","guid":{"rendered":"http:\/\/the7.dream-demo.com\/?page_id=30260"},"modified":"2022-10-24T10:43:01","modified_gmt":"2022-10-24T10:43:01","slug":"1-presentation","status":"publish","type":"page","link":"http:\/\/daciacluj.ro\/dacia-cluj\/1-presentation\/","title":{"rendered":"Home_old-2022"},"content":{"rendered":"<div class=\"wpb-content-wrapper\"><p>[vc_row][vc_column width=&#8221;1\/3&#8243; offset=&#8221;vc_col-lg-4 vc_col-md-4 vc_col-xs-12&#8243;][vc_text_separator title=&#8221;Noul Sandero Stepway&#8221; color=&#8221;custom&#8221; border_width=&#8221;3&#8243; accent_color=&#8221;#b33d26&#8243;]<section class=\"shortcode-teaser frame-fancy frame-on fadeInDownBig animate-element\"><div class=\"shortcode-teaser-img\"><a class=\"layzr-bg rollover\" href=\"http:\/\/daciacluj.ro\/sandero\/\"><img loading=\"lazy\" decoding=\"async\" class=\"lazy-load\" src=\"data:image\/svg+xml;charset=utf-8,%3Csvg xmlns%3D&#039;http%3A%2F%2Fwww.w3.org%2F2000%2Fsvg&#039; viewBox%3D&#039;0 0 2000 1281&#039;%2F%3E\" width=\"2000\" height=\"1281\" data-srcset=\"http:\/\/daciacluj.ro\/wp-content\/uploads\/2014\/09\/R-DAM_1414486.jpg 2000w\" data-src=\"http:\/\/daciacluj.ro\/wp-content\/uploads\/2014\/09\/R-DAM_1414486.jpg\" \/><\/a><\/div><div class=\"shortcode-teaser-content text-big\"><p style=\"text-align: center;\"><style type=\"text\/css\">#dt-btn-1 {color: #2D4191;border-color: #2D4191;}#dt-btn-1 > .text-wrap * {color: #2D4191;}#dt-btn-1:hover {color: #4e5844;border-color: #4e5844;}#dt-btn-1:hover > .text-wrap * {color: #4e5844;}<\/style><a href=\"http:\/\/daciacluj.ro\/programare-drive-test\/\" class=\"btn-shortcode dt-btn-m dt-btn outline-btn custom-btn-color custom-btn-hover-color fadeIn animate-element animation-builder\" id=\"dt-btn-1\"><i class=\"fa fa-chevron-circle-right\"><\/i><span>SOLICITARE INFORMATII<\/span><\/a><\/p>\n<p style=\"text-align: center;\"><a href=\"http:\/\/daciacluj.ro\/sandero\/\" class=\"btn-shortcode dt-btn-m dt-btn default-btn-color default-btn-hover-color default-btn-bg-color default-btn-bg-hover-color fadeIn animate-element animation-builder\" id=\"dt-btn-2\"><i class=\"fa fa-chevron-circle-right\"><\/i><span>Mai multe detalii<\/span><\/a><\/p>\n<\/div><\/section>[vc_empty_space height=&#8221;20px&#8221;][\/vc_column][vc_column width=&#8221;1\/3&#8243; offset=&#8221;vc_col-lg-4 vc_col-md-4 vc_col-xs-12&#8243;][vc_text_separator title=&#8221;Noul Sandero&#8221; color=&#8221;custom&#8221; border_width=&#8221;3&#8243; accent_color=&#8221;#b33d26&#8243;]<section class=\"shortcode-teaser frame-fancy frame-on fadeInDownBig animate-element\"><div class=\"shortcode-teaser-img\"><a class=\"layzr-bg rollover\" href=\"http:\/\/daciacluj.ro\/sandero\/\" target=\"_blank\"><img loading=\"lazy\" decoding=\"async\" class=\"lazy-load\" src=\"data:image\/svg+xml;charset=utf-8,%3Csvg xmlns%3D&#039;http%3A%2F%2Fwww.w3.org%2F2000%2Fsvg&#039; viewBox%3D&#039;0 0 2000 1333&#039;%2F%3E\" width=\"2000\" height=\"1333\" data-srcset=\"http:\/\/daciacluj.ro\/wp-content\/uploads\/2016\/07\/R-DAM_1412536.jpg 2000w\" data-src=\"http:\/\/daciacluj.ro\/wp-content\/uploads\/2016\/07\/R-DAM_1412536.jpg\" \/><\/a><\/div><div class=\"shortcode-teaser-content text-big\"><p style=\"text-align: center;\"><style type=\"text\/css\">#dt-btn-3 {color: #2D4191;border-color: #2D4191;}#dt-btn-3 > .text-wrap * {color: #2D4191;}#dt-btn-3:hover {color: #333333;border-color: #333333;}#dt-btn-3:hover > .text-wrap * {color: #333333;}<\/style><a href=\"http:\/\/daciacluj.ro\/programare-drive-test\/\" class=\"btn-shortcode dt-btn-m dt-btn outline-btn custom-btn-color custom-btn-hover-color fadeIn animate-element animation-builder\" id=\"dt-btn-3\"><i class=\"fa fa-chevron-circle-right\"><\/i><span>SOLICITARE INFORMATII<\/span><\/a><\/p>\n<p style=\"text-align: center;\"><a href=\"http:\/\/daciacluj.ro\/sandero\/\" class=\"btn-shortcode dt-btn-m dt-btn default-btn-color default-btn-hover-color default-btn-bg-color default-btn-bg-hover-color fadeIn animate-element animation-builder\" id=\"dt-btn-4\"><i class=\"fa fa-chevron-circle-right\"><\/i><span>Mai multe detalii<\/span><\/a><\/p>\n<\/div><\/section>[vc_empty_space height=&#8221;20px&#8221;][\/vc_column][vc_column width=&#8221;1\/3&#8243; offset=&#8221;vc_col-lg-4 vc_col-md-4 vc_col-xs-12&#8243;][vc_text_separator title=&#8221;Noul Logan&#8221; color=&#8221;custom&#8221; border_width=&#8221;3&#8243; accent_color=&#8221;#b33d26&#8243;]<section class=\"shortcode-teaser frame-fancy frame-on fadeInDownBig animate-element\"><div class=\"shortcode-teaser-img\"><a class=\"layzr-bg rollover\" href=\"http:\/\/daciacluj.ro\/logan\/\"><img loading=\"lazy\" decoding=\"async\" class=\"lazy-load\" src=\"data:image\/svg+xml;charset=utf-8,%3Csvg xmlns%3D&#039;http%3A%2F%2Fwww.w3.org%2F2000%2Fsvg&#039; viewBox%3D&#039;0 0 2000 1333&#039;%2F%3E\" width=\"2000\" height=\"1333\" data-srcset=\"http:\/\/daciacluj.ro\/wp-content\/uploads\/2016\/07\/R-DAM_1411309.jpg 2000w\" data-src=\"http:\/\/daciacluj.ro\/wp-content\/uploads\/2016\/07\/R-DAM_1411309.jpg\" \/><\/a><\/div><div class=\"shortcode-teaser-content text-big\"><p style=\"text-align: center;\"><style type=\"text\/css\">#dt-btn-5 {color: #2D4191;border-color: #2D4191;}#dt-btn-5 > .text-wrap * {color: #2D4191;}#dt-btn-5:hover {color: #333333;border-color: #333333;}#dt-btn-5:hover > .text-wrap * {color: #333333;}<\/style><a href=\"http:\/\/daciacluj.ro\/programare-drive-test\/\" class=\"btn-shortcode dt-btn-m dt-btn outline-btn custom-btn-color custom-btn-hover-color fadeIn animate-element animation-builder\" id=\"dt-btn-5\"><i class=\"fa fa-chevron-circle-right\"><\/i><span>SOLICITARE INFORMATII<\/span><\/a><\/p>\n<p style=\"text-align: center;\"><a href=\"http:\/\/daciacluj.ro\/logan\/\" class=\"btn-shortcode dt-btn-m dt-btn default-btn-color default-btn-hover-color default-btn-bg-color default-btn-bg-hover-color fadeIn animate-element animation-builder\" id=\"dt-btn-6\"><i class=\"fa fa-chevron-circle-right\"><\/i><span>Mai multe detalii<\/span><\/a><\/p>\n<\/div><\/section>[vc_empty_space height=&#8221;20px&#8221;][\/vc_column][\/vc_row][vc_row][vc_column width=&#8221;1\/3&#8243;][vc_empty_space height=&#8221;20px&#8221;][vc_text_separator title=&#8221;Dacia Spring&#8221; color=&#8221;custom&#8221; border_width=&#8221;3&#8243; accent_color=&#8221;#b33d26&#8243;]<section class=\"shortcode-teaser frame-fancy frame-on fadeInDownBig animate-element\"><div class=\"layzr-bg shortcode-teaser-img\"><img loading=\"lazy\" decoding=\"async\" class=\"lazy-load\" src=\"data:image\/svg+xml;charset=utf-8,%3Csvg xmlns%3D&#039;http%3A%2F%2Fwww.w3.org%2F2000%2Fsvg&#039; viewBox%3D&#039;0 0 2000 1333&#039;%2F%3E\" width=\"2000\" height=\"1333\" data-srcset=\"http:\/\/daciacluj.ro\/wp-content\/uploads\/2022\/01\/R-DAM_1412827-e1665998558231.jpg 2000w\" data-src=\"http:\/\/daciacluj.ro\/wp-content\/uploads\/2022\/01\/R-DAM_1412827-e1665998558231.jpg\" \/><\/div><div class=\"shortcode-teaser-content text-big\"><p style=\"text-align: center;\"><style type=\"text\/css\">#dt-btn-7 {color: #2D4191;border-color: #2D4191;}#dt-btn-7 > .text-wrap * {color: #2D4191;}#dt-btn-7:hover {color: #333333;border-color: #333333;}#dt-btn-7:hover > .text-wrap * {color: #333333;}<\/style><a href=\"http:\/\/daciacluj.ro\/programare-drive-test\/\" class=\"btn-shortcode dt-btn-m dt-btn outline-btn custom-btn-color custom-btn-hover-color fadeIn animate-element animation-builder\" id=\"dt-btn-7\"><i class=\"fa fa-chevron-circle-right\"><\/i><span>SOLICITARE INFORMATII<\/span><\/a><\/p>\n<p style=\"text-align: center;\"><a href=\" http:\/\/daciacluj.ro\/dacia-spring\/\" class=\"btn-shortcode dt-btn-m dt-btn default-btn-color default-btn-hover-color default-btn-bg-color default-btn-bg-hover-color fadeIn animate-element animation-builder\" id=\"dt-btn-8\"><i class=\"fa fa-chevron-circle-right\"><\/i><span>Mai multe detalii<\/span><\/a><\/p>\n<\/div><\/section>[vc_empty_space height=&#8221;20px&#8221;][\/vc_column][vc_column width=&#8221;1\/3&#8243;][vc_empty_space height=&#8221;20px&#8221;][vc_text_separator title=&#8221;Jogger&#8221; color=&#8221;custom&#8221; border_width=&#8221;3&#8243; accent_color=&#8221;#b33d26&#8243;]<section class=\"shortcode-teaser frame-fancy frame-on fadeInDownBig animate-element\"><div class=\"shortcode-teaser-img\"><a class=\"layzr-bg rollover\" href=\"http:\/\/daciacluj.ro\/lodgy\/\"><img loading=\"lazy\" decoding=\"async\" class=\"lazy-load\" src=\"data:image\/svg+xml;charset=utf-8,%3Csvg xmlns%3D&#039;http%3A%2F%2Fwww.w3.org%2F2000%2Fsvg&#039; viewBox%3D&#039;0 0 2560 1440&#039;%2F%3E\" width=\"2560\" height=\"1440\" data-srcset=\"http:\/\/daciacluj.ro\/wp-content\/uploads\/2016\/07\/jogger3-scaled.jpg 2560w\" data-src=\"http:\/\/daciacluj.ro\/wp-content\/uploads\/2016\/07\/jogger3-scaled.jpg\" \/><\/a><\/div><div class=\"shortcode-teaser-content text-big\"><p style=\"text-align: center;\"><style type=\"text\/css\">#dt-btn-9 {color: #2D4191;border-color: #2D4191;}#dt-btn-9 > .text-wrap * {color: #2D4191;}#dt-btn-9:hover {color: #333333;border-color: #333333;}#dt-btn-9:hover > .text-wrap * {color: #333333;}<\/style><a href=\"http:\/\/daciacluj.ro\/programare-drive-test\/\" class=\"btn-shortcode dt-btn-m dt-btn outline-btn custom-btn-color custom-btn-hover-color fadeIn animate-element animation-builder\" id=\"dt-btn-9\"><i class=\"fa fa-chevron-circle-right\"><\/i><span>SOLICITARE INFORMATII<\/span><\/a><\/p>\n<p style=\"text-align: center;\"><a href=\"http:\/\/daciacluj.ro\/dacia-jogger\/\" class=\"btn-shortcode dt-btn-m dt-btn default-btn-color default-btn-hover-color default-btn-bg-color default-btn-bg-hover-color fadeIn animate-element animation-builder\" id=\"dt-btn-10\"><i class=\"fa fa-chevron-circle-right\"><\/i><span>Mai multe detalii<\/span><\/a><\/p>\n<\/div><\/section>[vc_empty_space height=&#8221;20px&#8221;][\/vc_column][vc_column width=&#8221;1\/3&#8243;][vc_empty_space height=&#8221;20px&#8221;][vc_text_separator title=&#8221;Duster&#8221; color=&#8221;custom&#8221; border_width=&#8221;3&#8243; accent_color=&#8221;#b33d26&#8243;]<section class=\"shortcode-teaser frame-fancy frame-on fadeInDownBig animate-element\"><div class=\"shortcode-teaser-img\"><a class=\"layzr-bg rollover\" href=\"http:\/\/daciacluj.ro\/duster\/\"><img loading=\"lazy\" decoding=\"async\" class=\"lazy-load\" src=\"data:image\/svg+xml;charset=utf-8,%3Csvg xmlns%3D&#039;http%3A%2F%2Fwww.w3.org%2F2000%2Fsvg&#039; viewBox%3D&#039;0 0 2000 1500&#039;%2F%3E\" width=\"2000\" height=\"1500\" data-srcset=\"http:\/\/daciacluj.ro\/wp-content\/uploads\/2016\/07\/R-DAM_1409704.jpg 2000w\" data-src=\"http:\/\/daciacluj.ro\/wp-content\/uploads\/2016\/07\/R-DAM_1409704.jpg\" \/><\/a><\/div><div class=\"shortcode-teaser-content text-big\"><p style=\"text-align: center;\"><style type=\"text\/css\">#dt-btn-11 {color: #2D4191;border-color: #2D4191;}#dt-btn-11 > .text-wrap * {color: #2D4191;}#dt-btn-11:hover {color: #333333;border-color: #333333;}#dt-btn-11:hover > .text-wrap * {color: #333333;}<\/style><a href=\"http:\/\/daciacluj.ro\/programare-drive-test\/\" class=\"btn-shortcode dt-btn-m dt-btn outline-btn custom-btn-color custom-btn-hover-color fadeIn animate-element animation-builder\" id=\"dt-btn-11\"><i class=\"fa fa-chevron-circle-right\"><\/i><span>SOLICITARE INFORMATII<\/span><\/a><\/p>\n<p style=\"text-align: center;\"><a href=\"http:\/\/daciacluj.ro\/duster\/\" class=\"btn-shortcode dt-btn-m dt-btn default-btn-color default-btn-hover-color default-btn-bg-color default-btn-bg-hover-color fadeIn animate-element animation-builder\" id=\"dt-btn-12\"><i class=\"fa fa-chevron-circle-right\"><\/i><span>Mai multe detalii<\/span><\/a><\/p>\n<\/div><\/section>[vc_empty_space height=&#8221;20px&#8221;][\/vc_column][\/vc_row][vc_row][vc_column width=&#8221;1\/2&#8243;][vc_empty_space height=&#8221;20px&#8221;][vc_single_image image=&#8221;43820&#8243; img_size=&#8221;medium&#8221; alignment=&#8221;center&#8221; style=&#8221;vc_box_shadow_3d&#8221;][\/vc_column][vc_column width=&#8221;1\/2&#8243;][vc_text_separator title=&#8221;Despre noi&#8221; color=&#8221;custom&#8221; border_width=&#8221;3&#8243; accent_color=&#8221;#b33d26&#8243;][vc_empty_space height=&#8221;20px&#8221;][vc_column_text]<strong>DACIA SERVICE CLUJ <\/strong>acord\u0103 o importan\u021b\u0103 deosebit\u0103 calit\u0103\u021bii. Interesul nostru pe termen lung este identic cu interesul clien\u021bilor: produse \u0219i servicii de cea mai bun\u0103 calitate \u0219i un grad c\u00e2t mai \u00eenalt de satisfac\u021bie a clientilor. Fidelitatea fa\u021b\u0103 de\u00a0 principiul calit\u0103\u021bii este dovedit\u0103 \u0219i de <strong>certificatul ISO 9001:2015 \u00een domeniul v\u00e2nz\u0103rii de autoturisme noi \u0219i second hand, piese de schimb auto, lucr\u0103ri de service auto \u0219i depanare auto.<\/strong><\/p>\n<p><a href=\"http:\/\/daciacluj.ro\/wp-content\/uploads\/2021\/03\/TUV-SRL.pdf\" target=\"_blank\" rel=\"noopener noreferrer\">Certificatul ISO 9001:2015<\/a>\u00a0atribuit de T\u00dcV S\u00dcD MANAGEMENT SERVICE GmbH conform procedurii T\u00dcV CERT \u00eenseamn\u0103 o aten\u021bie sporit\u0103 fa\u021b\u0103 de cerin\u021bele clien\u021bilor, o preg\u0103tire mai bun\u0103 a personalului, o echip\u0103 mai puternic\u0103, reguli mai clare, piese de origine, scule \u0219i dispozitive moderne \u2013 pe scurt, profesionalism f\u0103r\u0103 compromisuri.[\/vc_column_text][\/vc_column][\/vc_row]<\/p>\n<\/div>","protected":false},"excerpt":{"rendered":"<p>[vc_row][vc_column width=&#8221;1\/3&#8243; offset=&#8221;vc_col-lg-4 vc_col-md-4 vc_col-xs-12&#8243;][vc_text_separator title=&#8221;Noul Sandero Stepway&#8221; color=&#8221;custom&#8221; border_width=&#8221;3&#8243; accent_color=&#8221;#b33d26&#8243;][vc_empty_space height=&#8221;20px&#8221;][\/vc_column][vc_column width=&#8221;1\/3&#8243; offset=&#8221;vc_col-lg-4 vc_col-md-4 vc_col-xs-12&#8243;][vc_text_separator title=&#8221;Noul Sandero&#8221; color=&#8221;custom&#8221; border_width=&#8221;3&#8243; accent_color=&#8221;#b33d26&#8243;][vc_empty_space height=&#8221;20px&#8221;][\/vc_column][vc_column width=&#8221;1\/3&#8243; offset=&#8221;vc_col-lg-4 vc_col-md-4 vc_col-xs-12&#8243;][vc_text_separator title=&#8221;Noul Logan&#8221; color=&#8221;custom&#8221; border_width=&#8221;3&#8243; accent_color=&#8221;#b33d26&#8243;][vc_empty_space height=&#8221;20px&#8221;][\/vc_column][\/vc_row][vc_row][vc_column width=&#8221;1\/3&#8243;][vc_empty_space height=&#8221;20px&#8221;][vc_text_separator title=&#8221;Dacia Spring&#8221; color=&#8221;custom&#8221; border_width=&#8221;3&#8243; accent_color=&#8221;#b33d26&#8243;][vc_empty_space height=&#8221;20px&#8221;][\/vc_column][vc_column width=&#8221;1\/3&#8243;][vc_empty_space height=&#8221;20px&#8221;][vc_text_separator title=&#8221;Jogger&#8221; color=&#8221;custom&#8221; border_width=&#8221;3&#8243; accent_color=&#8221;#b33d26&#8243;][vc_empty_space height=&#8221;20px&#8221;][\/vc_column][vc_column width=&#8221;1\/3&#8243;][vc_empty_space height=&#8221;20px&#8221;][vc_text_separator title=&#8221;Duster&#8221; color=&#8221;custom&#8221; border_width=&#8221;3&#8243; accent_color=&#8221;#b33d26&#8243;][vc_empty_space height=&#8221;20px&#8221;][\/vc_column][\/vc_row][vc_row][vc_column width=&#8221;1\/2&#8243;][vc_empty_space&hellip;<\/p>\n","protected":false},"author":1,"featured_media":0,"parent":0,"menu_order":10,"comment_status":"closed","ping_status":"closed","template":"","meta":{"footnotes":""},"class_list":["post-30260","page","type-page","status-publish","hentry","description-off"],"_links":{"self":[{"href":"http:\/\/daciacluj.ro\/dacia-cluj\/wp-json\/wp\/v2\/pages\/30260","targetHints":{"allow":["GET"]}}],"collection":[{"href":"http:\/\/daciacluj.ro\/dacia-cluj\/wp-json\/wp\/v2\/pages"}],"about":[{"href":"http:\/\/daciacluj.ro\/dacia-cluj\/wp-json\/wp\/v2\/types\/page"}],"author":[{"embeddable":true,"href":"http:\/\/daciacluj.ro\/dacia-cluj\/wp-json\/wp\/v2\/users\/1"}],"replies":[{"embeddable":true,"href":"http:\/\/daciacluj.ro\/dacia-cluj\/wp-json\/wp\/v2\/comments?post=30260"}],"version-history":[{"count":60,"href":"http:\/\/daciacluj.ro\/dacia-cluj\/wp-json\/wp\/v2\/pages\/30260\/revisions"}],"predecessor-version":[{"id":44081,"href":"http:\/\/daciacluj.ro\/dacia-cluj\/wp-json\/wp\/v2\/pages\/30260\/revisions\/44081"}],"wp:attachment":[{"href":"http:\/\/daciacluj.ro\/dacia-cluj\/wp-json\/wp\/v2\/media?parent=30260"}],"curies":[{"name":"wp","href":"https:\/\/api.w.org\/{rel}","templated":true}]}}