{"id":43155,"date":"2016-07-13T04:55:51","date_gmt":"2016-07-13T04:55:51","guid":{"rendered":"http:\/\/daciacluj.ro\/?page_id=43155"},"modified":"2025-03-13T10:42:20","modified_gmt":"2025-03-13T10:42:20","slug":"service-dacia","status":"publish","type":"page","link":"http:\/\/daciacluj.ro\/dacia-cluj\/service-dacia\/","title":{"rendered":"Service Dacia"},"content":{"rendered":"<div class=\"wpb-content-wrapper\"><p>[vc_row type=&#8221;1&#8243; padding_top=&#8221;55&#8243; padding_bottom=&#8221;20&#8243; bg_repeat=&#8221;repeat&#8221;][vc_column offset=&#8221;vc_col-lg-3 vc_col-md-3&#8243;][vc_column_text css=&#8221;&#8221;]<\/p>\n<h4><span style=\"font-family: dacia-block;\">Specializ\u0103rile noastre<\/span><\/h4>\n<p>[\/vc_column_text][vc_empty_space height=&#8221;20px&#8221;][vc_column_text css=&#8221;&#8221;]<span style=\"font-family: dacia-block;\">Pentru a fi mereu furnizori de \u00eencredere pentru clien\u021bii no\u0219tri, am dezvoltat ateliere pentru toate\u00a0 specializ\u0103rile auto \u0219i asigur\u0103m servicii de \u00eenalta clas\u0103 prin personalul specializat.<\/span>[\/vc_column_text][vc_empty_space height=&#8221;40px&#8221;][\/vc_column][vc_column offset=&#8221;vc_col-lg-9 vc_col-md-9&#8243;]<section id=\"benefits-grid-1\" class=\"benefits-grid wf-container benefits-style-two icons-bg accent-bg light-hover-bg custom-icon-color accent-icon-hover-color\" data-width=\"300px\" data-columns=\"2\"><style type=\"text\/css\">#benefits-grid-1.icons-bg .benefits-grid-ico { height: 44px; line-height: 44px; width: 44px;-webkit-border-radius: 100px;-moz-border-radius: 100px;-ms-border-radius: 100px;-o-border-radius: 100px;border-radius: 100px; }#benefits-grid-1.icons-bg .benefits-grid-ico > i { font-size: 22px; line-height: 44px; }#benefits-grid-1.custom-icon-color .benefits-grid-ico > i,\n\t\t\t\t\t#benefits-grid-1.custom-icon-color .benefits-grid-ico > i:before { color: #ffffff; }<\/style><div class=\"wf-cell\"><div><div class=\"text-big\"><div class=\"wf-table\"><div class=\"wf-td\"><span class=\"benefits-grid-ico fadeInLeft animate-element\"><i class=\"fa fa-cogs\"><\/i><\/span><\/div><div class=\"wf-td benefits-inner\"><h5>Atelier mecanic\u0103<\/h5><p>Repara\u021bii mecanice la marca Dacia \u0219i alte m\u0103rci auto.<\/p>\n<\/div><\/div><\/div><\/div><\/div><div class=\"wf-cell\"><div><div class=\"text-big\"><div class=\"wf-table\"><div class=\"wf-td\"><span class=\"benefits-grid-ico fadeInLeft animate-element\"><i class=\"fa fa-bolt\"><\/i>\r\n<\/span><\/div><div class=\"wf-td benefits-inner\"><h5>Service instala\u021bii electrice \u0219i echipamente electronice<\/h5><p>Diagnoz\u0103 computerizat\u0103 \u0219i repara\u021bii.<\/p>\n<\/div><\/div><\/div><\/div><\/div><div class=\"wf-cell\"><div><div class=\"text-big\"><div class=\"wf-table\"><div class=\"wf-td\"><span class=\"benefits-grid-ico fadeInLeft animate-element\"><i class=\"fa fa-thumbs-o-up\"><\/i><\/span><\/div><div class=\"wf-td benefits-inner\"><h5>Atelier tinichigerie<\/h5><p>Repara\u021bii \u0219i \u00eenlocuiri elemente de caroserie.<\/p>\n<\/div><\/div><\/div><\/div><\/div><div class=\"wf-cell\"><div><div class=\"text-big\"><div class=\"wf-table\"><div class=\"wf-td\"><span class=\"benefits-grid-ico fadeInLeft animate-element\"><i class=\"fa fa-tablet\"><\/i><\/span><\/div><div class=\"wf-td benefits-inner\"><h5>Vopsitorie<\/h5><p>Cabin\u0103 vopsitorie \u0219i vopsele de cea mai buna calitate. Nuan\u021bare computerizat\u0103.<\/p>\n<\/div><\/div><\/div><\/div><\/div><div class=\"wf-cell\"><div><div class=\"text-big\"><div class=\"wf-table\"><div class=\"wf-td\"><span class=\"benefits-grid-ico fadeInLeft animate-element\"><i class=\"fa fa-taxi\"><\/i><\/span><\/div><div class=\"wf-td benefits-inner\"><h5>Inspec\u021bie Tehnic\u0103 Periodic\u0103 (ITP)<\/h5><p>Inspec\u021bie Tehnic\u0103 Periodic\u0103 pentru autovehicule p\u00e2n\u0103 la o mas\u0103 de 3.5 tone.<\/p>\n<\/div><\/div><\/div><\/div><\/div><div class=\"wf-cell\"><div><div class=\"text-big\"><div class=\"wf-table\"><div class=\"wf-td\"><span class=\"benefits-grid-ico fadeInLeft animate-element\"><i class=\"fa fa-dot-circle-o\"><\/i>\r\n<\/span><\/div><div class=\"wf-td benefits-inner\"><h5>Service ro\u021bi<\/h5><p>\u00cenlocuire pneuri, echilibrare ro\u021bi \u0219i Hotel de anvelope.<\/p>\n<\/div><\/div><\/div><\/div><\/div><div class=\"wf-cell\"><div><div class=\"text-big\"><div class=\"wf-table\"><div class=\"wf-td\"><span class=\"benefits-grid-ico fadeInLeft animate-element\"><i class=\"fa fa-shopping-cart\"><\/i>\r\n<\/span><\/div><div class=\"wf-td benefits-inner\"><h5>Magazin piese de schimb \u0219i accesorii<\/h5><\/div><\/div><\/div><\/div><\/div><div class=\"wf-cell\"><div><div class=\"text-big\"><div class=\"wf-table\"><div class=\"wf-td\"><span class=\"benefits-grid-ico fadeInLeft animate-element\"><i class=\"fa fa-truck\"><\/i>\r\n<\/span><\/div><div class=\"wf-td benefits-inner\"><h5>Asiten\u021b\u0103 rutier\u0103<\/h5><\/div><\/div><\/div><\/div><\/div><\/section>[vc_empty_space height=&#8221;40px&#8221;][\/vc_column][\/vc_row][vc_row][vc_column][vc_single_image image=&#8221;43429&#8243; img_size=&#8221;full&#8221; alignment=&#8221;center&#8221; onclick=&#8221;custom_link&#8221; img_link_target=&#8221;_blank&#8221; link=&#8221;https:\/\/www.dacia.ro\/promotii-si-finantare\/promotii-service\/dacia-service-5-plus.html&#8221;][\/vc_column][\/vc_row][vc_row type=&#8221;1&#8243; padding_top=&#8221;55&#8243; padding_bottom=&#8221;20&#8243; bg_repeat=&#8221;repeat&#8221;][vc_column offset=&#8221;vc_col-lg-3 vc_col-md-3&#8243;][vc_column_text]<\/p>\n<h4>Piese \u0219i accesorii de origine<\/h4>\n<p>[\/vc_column_text][vc_empty_space height=&#8221;20px&#8221;][vc_column_text css=&#8221;&#8221;]<span style=\"font-family: dacia-block;\">Pentru a ob\u021bine rezultate bune, \u00eentotdeauna utiliz\u0103m cele mai bune piese, componente \u0219i accesorii de origine.<\/span>[\/vc_column_text][vc_empty_space height=&#8221;40px&#8221;][\/vc_column][vc_column offset=&#8221;vc_col-lg-9 vc_col-md-9&#8243;]<section class=\"logos-grid wf-container\" data-width=\"150px\" data-columns=\"2\"><div class=\"wf-cell\"><div><img loading=\"lazy\" decoding=\"async\" class=\"lazy-load\" src=\"data:image\/svg+xml;charset=utf-8,%3Csvg xmlns%3D&#039;http%3A%2F%2Fwww.w3.org%2F2000%2Fsvg&#039; viewBox%3D&#039;0 0 160 160&#039;%2F%3E\" width=\"160\" height=\"160\" alt=\"Dacia\" data-srcset=\"http:\/\/daciacluj.ro\/wp-content\/uploads\/2024\/03\/SIGLA-NOUADACIA-e1709633984214.jpg 160w\" data-src=\"http:\/\/daciacluj.ro\/wp-content\/uploads\/2024\/03\/SIGLA-NOUADACIA-e1709633984214.jpg\" \/><\/div><\/div><div class=\"wf-cell\"><div><img loading=\"lazy\" decoding=\"async\" class=\"lazy-load\" src=\"data:image\/svg+xml;charset=utf-8,%3Csvg xmlns%3D&#039;http%3A%2F%2Fwww.w3.org%2F2000%2Fsvg&#039; viewBox%3D&#039;0 0 160 133&#039;%2F%3E\" width=\"160\" height=\"133\" alt=\"Motrio\" data-srcset=\"http:\/\/daciacluj.ro\/wp-content\/uploads\/2013\/08\/Logo_of_Motrio-e1470730077249.png 160w\" data-src=\"http:\/\/daciacluj.ro\/wp-content\/uploads\/2013\/08\/Logo_of_Motrio-e1470730077249.png\" \/><\/div><\/div><\/section>[vc_empty_space height=&#8221;40px&#8221;][\/vc_column][\/vc_row][vc_row margin_top=&#8221;55&#8243; margin_bottom=&#8221;25&#8243;][vc_column offset=&#8221;vc_col-lg-3 vc_col-md-3&#8243;][vc_column_text]<\/p>\n<h4>Unit\u0103\u021bi Service<\/h4>\n<p>[\/vc_column_text][vc_empty_space height=&#8221;20px&#8221;][vc_column_text css=&#8221;&#8221;]<span style=\"font-family: dacia-block;\">\u00centotdeauna o unitate service aproape de tine. <a href=\"http:\/\/daciacluj.ro\/programare-in-service\/\">Contacteaz\u0103-ne<\/a> pentru o programare.<\/span>[\/vc_column_text][vc_empty_space height=&#8221;40px&#8221;][\/vc_column][vc_column width=&#8221;1\/3&#8243; offset=&#8221;vc_col-lg-3 vc_col-md-3&#8243;][vc_empty_space height=&#8221;10px&#8221;]<section class=\"shortcode-teaser img-full frame-fancy frame-on fadeInUp animate-element\"><div class=\"layzr-bg shortcode-teaser-img\"><img loading=\"lazy\" decoding=\"async\" class=\"lazy-load\" src=\"data:image\/svg+xml;charset=utf-8,%3Csvg xmlns%3D&#039;http%3A%2F%2Fwww.w3.org%2F2000%2Fsvg&#039; viewBox%3D&#039;0 0 1600 1068&#039;%2F%3E\" width=\"1600\" height=\"1068\" data-srcset=\"http:\/\/daciacluj.ro\/wp-content\/uploads\/2025\/03\/cluj.jpg 1600w\" data-src=\"http:\/\/daciacluj.ro\/wp-content\/uploads\/2025\/03\/cluj.jpg\" \/><\/div><div class=\"shortcode-teaser-content text-big\"><h3 style=\"text-align: center;\"><span style=\"font-family: dacia-block;\">Dacia Service Cluj<\/span><\/h3>\n<p style=\"text-align: center;\"><span style=\"font-family: dacia-block;\">Calea Turzii nr. 253-255, Cluj Napoca<\/span><\/p>\n<\/div><\/section>[vc_empty_space height=&#8221;40px&#8221;][\/vc_column][vc_column width=&#8221;1\/3&#8243; offset=&#8221;vc_col-lg-3 vc_col-md-3&#8243;][vc_empty_space height=&#8221;10px&#8221;]<section class=\"shortcode-teaser img-full frame-fancy frame-on fadeInUp animate-element\"><div class=\"layzr-bg shortcode-teaser-img\"><img loading=\"lazy\" decoding=\"async\" class=\"lazy-load\" src=\"data:image\/svg+xml;charset=utf-8,%3Csvg xmlns%3D&#039;http%3A%2F%2Fwww.w3.org%2F2000%2Fsvg&#039; viewBox%3D&#039;0 0 2000 1500&#039;%2F%3E\" width=\"2000\" height=\"1500\" data-srcset=\"http:\/\/daciacluj.ro\/wp-content\/uploads\/2025\/03\/turda.jpg 2000w\" data-src=\"http:\/\/daciacluj.ro\/wp-content\/uploads\/2025\/03\/turda.jpg\" \/><\/div><div class=\"shortcode-teaser-content text-big\"><h3 style=\"text-align: center;\"><span style=\"font-family: dacia-block;\">Service Automobile Turda<\/span><\/h3>\n<p style=\"text-align: center;\"><span style=\"font-family: dacia-block;\">Str. Clujului D.e. 15, FN, Turda<\/span><\/p>\n<\/div><\/section>[vc_empty_space height=&#8221;40px&#8221;][\/vc_column][\/vc_row][vc_row margin_top=&#8221;55&#8243; margin_bottom=&#8221;5&#8243; el_class=&#8221;text-centered&#8221;][vc_column][vc_column_text css_animation=&#8221;fadeIn&#8221; css=&#8221;&#8221;]<\/p>\n<h2><span style=\"font-family: dacia-block;\">Ave\u021bi nevoie de o solu\u021bie de service pentru <span class=\"paint-accent-color\">DACIA<\/span> sau alte m\u0103rci auto?<\/span><\/h2>\n<p><span style=\"font-family: dacia-block;\"><div class=\"gap\" style=\"line-height: 10px; height: 10px;\"><\/div><\/span><\/p>\n<h3><span style=\"font-family: dacia-block;\">Solu\u021bia este Re\u021beaua de service Dacia Cluj<\/span><\/h3>\n<p>[\/vc_column_text][vc_empty_space height=&#8221;35px&#8221;]<a href=\"http:\/\/daciacluj.ro\/programare-in-service\/\" class=\"btn-shortcode dt-btn-l dt-btn default-btn-color default-btn-hover-color default-btn-bg-color default-btn-bg-hover-color fadeInLeft animate-element animation-builder\" id=\"dt-btn-1\"><span>Contacta\u021bi-ne<\/span><\/a>[\/vc_column][\/vc_row]<\/p>\n<\/div>","protected":false},"excerpt":{"rendered":"<p>[vc_row type=&#8221;1&#8243; padding_top=&#8221;55&#8243; padding_bottom=&#8221;20&#8243; bg_repeat=&#8221;repeat&#8221;][vc_column offset=&#8221;vc_col-lg-3 vc_col-md-3&#8243;][vc_column_text css=&#8221;&#8221;] Specializ\u0103rile noastre [\/vc_column_text][vc_empty_space height=&#8221;20px&#8221;][vc_column_text css=&#8221;&#8221;]Pentru a fi mereu furnizori de \u00eencredere pentru clien\u021bii no\u0219tri, am dezvoltat ateliere pentru toate\u00a0 specializ\u0103rile auto \u0219i asigur\u0103m servicii de \u00eenalta clas\u0103 prin personalul specializat.[\/vc_column_text][vc_empty_space height=&#8221;40px&#8221;][\/vc_column][vc_column offset=&#8221;vc_col-lg-9 vc_col-md-9&#8243;][vc_empty_space height=&#8221;40px&#8221;][\/vc_column][\/vc_row][vc_row][vc_column][vc_single_image image=&#8221;43429&#8243; img_size=&#8221;full&#8221; alignment=&#8221;center&#8221; onclick=&#8221;custom_link&#8221; img_link_target=&#8221;_blank&#8221; link=&#8221;https:\/\/www.dacia.ro\/promotii-si-finantare\/promotii-service\/dacia-service-5-plus.html&#8221;][\/vc_column][\/vc_row][vc_row type=&#8221;1&#8243; padding_top=&#8221;55&#8243; padding_bottom=&#8221;20&#8243; bg_repeat=&#8221;repeat&#8221;][vc_column offset=&#8221;vc_col-lg-3 vc_col-md-3&#8243;][vc_column_text] Piese&hellip;<\/p>\n","protected":false},"author":1,"featured_media":0,"parent":0,"menu_order":0,"comment_status":"closed","ping_status":"closed","template":"","meta":{"footnotes":""},"class_list":["post-43155","page","type-page","status-publish","hentry","description-off"],"_links":{"self":[{"href":"http:\/\/daciacluj.ro\/dacia-cluj\/wp-json\/wp\/v2\/pages\/43155","targetHints":{"allow":["GET"]}}],"collection":[{"href":"http:\/\/daciacluj.ro\/dacia-cluj\/wp-json\/wp\/v2\/pages"}],"about":[{"href":"http:\/\/daciacluj.ro\/dacia-cluj\/wp-json\/wp\/v2\/types\/page"}],"author":[{"embeddable":true,"href":"http:\/\/daciacluj.ro\/dacia-cluj\/wp-json\/wp\/v2\/users\/1"}],"replies":[{"embeddable":true,"href":"http:\/\/daciacluj.ro\/dacia-cluj\/wp-json\/wp\/v2\/comments?post=43155"}],"version-history":[{"count":38,"href":"http:\/\/daciacluj.ro\/dacia-cluj\/wp-json\/wp\/v2\/pages\/43155\/revisions"}],"predecessor-version":[{"id":44739,"href":"http:\/\/daciacluj.ro\/dacia-cluj\/wp-json\/wp\/v2\/pages\/43155\/revisions\/44739"}],"wp:attachment":[{"href":"http:\/\/daciacluj.ro\/dacia-cluj\/wp-json\/wp\/v2\/media?parent=43155"}],"curies":[{"name":"wp","href":"https:\/\/api.w.org\/{rel}","templated":true}]}}