{"id":43631,"date":"2021-06-04T10:41:01","date_gmt":"2021-06-04T10:41:01","guid":{"rendered":"http:\/\/daciacluj.ro\/?page_id=43631"},"modified":"2026-01-19T13:43:10","modified_gmt":"2026-01-19T13:43:10","slug":"cariera","status":"publish","type":"page","link":"http:\/\/daciacluj.ro\/dacia-cluj\/cariera\/","title":{"rendered":"Cariera"},"content":{"rendered":"<div class=\"wpb-content-wrapper\"><p>[vc_row][vc_column][vc_column_text]Dac\u0103 e\u0219ti \u00een c\u0103utarea unui job \u0219i vrei s\u0103 faci parte dintr-o companie cu renume \u00een domeniul auto, te a\u0219tept\u0103m s\u0103 te al\u0103turi echipei noastre.<\/p>\n<p>Trimite CV-ul la adresa de email resurse_umane@otcgroup.ro cu specificarea postului dorit \u0219i te contact\u0103m noi.<\/p>\n<p>Job-urile disponibile le po\u021bi vizualiza mai jos.[\/vc_column_text][\/vc_column][\/vc_row][vc_row][vc_column][vc_empty_space][\/vc_column][\/vc_row][vc_row][vc_column width=&#8221;1\/4&#8243;][vc_empty_space height=&#8221;10px&#8221;][vc_single_image image=&#8221;43642&#8243;][\/vc_column][vc_column width=&#8221;1\/4&#8243;][vc_text_separator title=&#8221;Electronist Auto&#8221;][vc_column_text]Descrierea postului:<\/p>\n<ul type=\"disc\">\n<li>\u00centre\u021binerea \u0219i repararea sistemului electronic la autoturismele Dacia-Renault-Nissan;<\/li>\n<\/ul>\n<p>Cerin\u021be:<\/p>\n<ul type=\"disc\">\n<li>Studii tehnice de specialitate;<\/li>\n<li>Harnic, deschis la nou \u0219i cu dorin\u021b\u0103 de munca;<\/li>\n<\/ul>\n<p>[\/vc_column_text][\/vc_column][vc_column width=&#8221;1\/4&#8243;][vc_empty_space height=&#8221;20px&#8221;][vc_single_image image=&#8221;43646&#8243;][\/vc_column][vc_column width=&#8221;1\/4&#8243;][vc_text_separator title=&#8221;Mecanic auto&#8221;][vc_column_text]Descrierea postului:<\/p>\n<ul type=\"disc\">\n<li>Execut\u0103 lucr\u0103ri de mecanic\u0103, \u00eenlocuirea de piese, asigur\u0103 asisten\u021b\u0103 tehnic\u0103 \u0219i service \u00een perioada de garan\u021bie \u0219i post garan\u021bie pentru automobile;<\/li>\n<\/ul>\n<p>Cerin\u021be:<\/p>\n<ul type=\"disc\">\n<li>Studii medii sau profesionale \u00een domeniul mecanic\u0103 auto;<\/li>\n<li>Cu dorin\u021b\u0103 de perfec\u021bionare;<\/li>\n<li>Persoan\u0103 disciplinat\u0103, serioas\u0103 \u0219i punctual\u0103;<\/li>\n<li>Permis conducere Categoria B;<\/li>\n<\/ul>\n<p>[\/vc_column_text][\/vc_column][\/vc_row][vc_row][vc_column width=&#8221;1\/4&#8243;][vc_empty_space height=&#8221;20px&#8221;][vc_single_image image=&#8221;43643&#8243;][\/vc_column][vc_column width=&#8221;1\/4&#8243;][vc_text_separator title=&#8221;L\u0103c\u0103tu\u0219 mecanic de \u00eentre\u021binere \u0219i repara\u021bii&#8221;][vc_column_text]Descrierea postului:<\/p>\n<ul type=\"disc\">\n<li>Asamblarea utilajelor \u0219i efectuarea probelor de fun\u021bionare;<\/li>\n<li>Asigurarea fun\u021bion\u0103rii ma\u0219inilor, utilajelor \u0219i a echipamentelor mecanice;<\/li>\n<\/ul>\n<p>Cerin\u021be:<\/p>\n<ul type=\"disc\">\n<li>Studii medi sau profesionale \u00een domeniul de l\u0103c\u0103tu\u0219erie mecanic\u0103 de \u00eentre\u021binere \u0219i repara\u021bii universale;<\/li>\n<li>Persoan\u0103 disciplinat\u0103, serioas\u0103 \u0219i punctual\u0103;<\/li>\n<\/ul>\n<p>[\/vc_column_text][\/vc_column][vc_column width=&#8221;1\/4&#8243;][vc_empty_space height=&#8221;20px&#8221;][vc_single_image][\/vc_column][vc_column width=&#8221;1\/4&#8243;][vc_text_separator title=&#8221;Tinichigiu auto&#8221; color=&#8221;custom&#8221; accent_color=&#8221;#b33d26&#8243;][vc_column_text]Descrierea postului:<\/p>\n<ul type=\"disc\">\n<li>Asigur\u0103 repara\u021bii la caroseriile sau structurile de rezisten\u021b\u0103 ale automobilelor avariate sau corodate;<\/li>\n<\/ul>\n<p>Cerin\u021be:<\/p>\n<ul type=\"disc\">\n<li>Studii medii sau profesionale \u00een domeniul repar\u0103rii caroseriilor auto;<\/li>\n<li>Cu dorin\u021b\u0103 de perfec\u021bionare;<\/li>\n<li>Persoan\u0103 disciplinat\u0103, serioas\u0103 \u0219i punctual\u0103;<\/li>\n<li>Permis conducere Categoria B;<\/li>\n<\/ul>\n<p>[\/vc_column_text][\/vc_column][\/vc_row][vc_row][vc_column width=&#8221;1\/3&#8243;][vc_empty_space height=&#8221;20px&#8221;][\/vc_column][vc_column width=&#8221;1\/3&#8243;][\/vc_column][\/vc_row]<\/p>\n<\/div>","protected":false},"excerpt":{"rendered":"<p>[vc_row][vc_column][vc_column_text]Dac\u0103 e\u0219ti \u00een c\u0103utarea unui job \u0219i vrei s\u0103 faci parte dintr-o companie cu renume \u00een domeniul auto, te a\u0219tept\u0103m s\u0103 te al\u0103turi echipei noastre. Trimite CV-ul la adresa de email resurse_umane@otcgroup.ro cu specificarea postului dorit \u0219i te contact\u0103m noi. Job-urile disponibile le po\u021bi vizualiza mai jos.[\/vc_column_text][\/vc_column][\/vc_row][vc_row][vc_column][vc_empty_space][\/vc_column][\/vc_row][vc_row][vc_column width=&#8221;1\/4&#8243;][vc_empty_space height=&#8221;10px&#8221;][vc_single_image image=&#8221;43642&#8243;][\/vc_column][vc_column width=&#8221;1\/4&#8243;][vc_text_separator title=&#8221;Electronist Auto&#8221;][vc_column_text]Descrierea postului: \u00centre\u021binerea&hellip;<\/p>\n","protected":false},"author":1,"featured_media":0,"parent":0,"menu_order":0,"comment_status":"closed","ping_status":"closed","template":"","meta":{"footnotes":""},"class_list":["post-43631","page","type-page","status-publish","hentry","description-off"],"_links":{"self":[{"href":"http:\/\/daciacluj.ro\/dacia-cluj\/wp-json\/wp\/v2\/pages\/43631","targetHints":{"allow":["GET"]}}],"collection":[{"href":"http:\/\/daciacluj.ro\/dacia-cluj\/wp-json\/wp\/v2\/pages"}],"about":[{"href":"http:\/\/daciacluj.ro\/dacia-cluj\/wp-json\/wp\/v2\/types\/page"}],"author":[{"embeddable":true,"href":"http:\/\/daciacluj.ro\/dacia-cluj\/wp-json\/wp\/v2\/users\/1"}],"replies":[{"embeddable":true,"href":"http:\/\/daciacluj.ro\/dacia-cluj\/wp-json\/wp\/v2\/comments?post=43631"}],"version-history":[{"count":21,"href":"http:\/\/daciacluj.ro\/dacia-cluj\/wp-json\/wp\/v2\/pages\/43631\/revisions"}],"predecessor-version":[{"id":45127,"href":"http:\/\/daciacluj.ro\/dacia-cluj\/wp-json\/wp\/v2\/pages\/43631\/revisions\/45127"}],"wp:attachment":[{"href":"http:\/\/daciacluj.ro\/dacia-cluj\/wp-json\/wp\/v2\/media?parent=43631"}],"curies":[{"name":"wp","href":"https:\/\/api.w.org\/{rel}","templated":true}]}}