{"id":43983,"date":"2022-10-24T10:23:25","date_gmt":"2022-10-24T10:23:25","guid":{"rendered":"http:\/\/daciacluj.ro\/?page_id=43983"},"modified":"2024-07-09T11:21:18","modified_gmt":"2024-07-09T11:21:18","slug":"sandero-stepway-2","status":"publish","type":"page","link":"http:\/\/daciacluj.ro\/dacia-cluj\/sandero-stepway-2\/","title":{"rendered":"Sandero Stepway"},"content":{"rendered":"<div class=\"wpb-content-wrapper\"><p>[vc_row margin_top=&#8221;-50&#8243; margin_bottom=&#8221;5&#8243; css=&#8221;.vc_custom_1467111287615{margin-bottom: 5px !important;}&#8221;][vc_column][vc_empty_space][vc_empty_space height=&#8221;20px&#8221;][vc_text_separator title=&#8221;&#8221; color=&#8221;blue&#8221; style=&#8221;shadow&#8221;][\/vc_column][\/vc_row][vc_row][vc_column width=&#8221;1\/2&#8243;][vc_empty_space height=&#8221;90px&#8221;][vc_single_image image=&#8221;44357&#8243; img_size=&#8221;full&#8221;][\/vc_column][vc_column width=&#8221;1\/2&#8243;][vc_single_image image=&#8221;44347&#8243; img_size=&#8221;full&#8221;][\/vc_column][\/vc_row][vc_row][vc_column][vc_separator][vc_column_text]<\/p>\n<h2 class=\"Component4v0__strapline\" style=\"text-align: center;\">DESIGN<\/h2>\n<h2 class=\"Component4v0__title\" style=\"text-align: center;\">CROSSOVERUL<span class=\"Component4v0__titleSuffix\">\u00a0ROBUST \u0218I VERSATIL<\/span><\/h2>\n<p>[\/vc_column_text][vc_column_text]<\/p>\n<div class=\"AemRTE EditoImgText__editoDescription\" style=\"text-align: center;\"><span style=\"font-size: 12pt;\"><strong>Profil impresionant, linii orizontale fluide, o nou\u0103 semn\u0103tur\u0103 luminoas\u0103 LED \u00een form\u0103 de Y \u0219i gard\u0103 la sol \u00een\u0103l\u021bat\u0103&#8230; Sandero Stepway se remarc\u0103 printr-un design complet revizuit, afi\u0219\u00e2nd un stil de veritabil crossover. Bucur\u0103-te de un interior func\u021bional \u0219i spa\u021bios, pentru a putea porni la drum \u00eentr-un confort deplin.<\/strong><\/span><\/div>\n<p>[\/vc_column_text][vc_single_image image=&#8221;44361&#8243; img_size=&#8221;full&#8221; alignment=&#8221;center&#8221;][vc_separator][\/vc_column][\/vc_row][vc_row][vc_column width=&#8221;1\/2&#8243;][vc_empty_space height=&#8221;55px&#8221;][vc_btn title=&#8221;CONFIGUREAZ\u0102 MODEL&#8221; style=&#8221;custom&#8221; custom_background=&#8221;#626d50&#8243; custom_text=&#8221;#ffffff&#8221; align=&#8221;left&#8221; i_icon_fontawesome=&#8221;&#8221; button_block=&#8221;true&#8221; add_icon=&#8221;true&#8221; link=&#8221;url:https%3A%2F%2Fwww.dacia.ro%2Fgama-dacia%2Fsandero-stepway%2Fconfigurator.html|target:_blank&#8221;][vc_btn title=&#8221;VEZI BRO\u0218URA&#8221; style=&#8221;gradient-custom&#8221; gradient_custom_color_1=&#8221;#626d50&#8243; gradient_custom_color_2=&#8221;#000a02&#8243; align=&#8221;left&#8221; i_icon_fontawesome=&#8221;&#8221; button_block=&#8221;true&#8221; add_icon=&#8221;true&#8221; link=&#8221;url:https%3A%2F%2Fcdn.group.renault.com%2Fdac%2Fro%2Fbrosuri%2FBrosura-Sandero-NBI-iulie-2022.pdf|target:_blank&#8221;][vc_btn title=&#8221;SOLICITARE OFERT\u0102&#8221; style=&#8221;gradient-custom&#8221; gradient_custom_color_1=&#8221;#626d50&#8243; gradient_custom_color_2=&#8221;#0a0c00&#8243; align=&#8221;left&#8221; i_icon_fontawesome=&#8221;&#8221; button_block=&#8221;true&#8221; add_icon=&#8221;true&#8221; link=&#8221;url:https%3A%2F%2Fdaciacluj.ro%2Fsolicitare-oferta%2F|title:Solicitare%20ofert%C4%83|target:_blank&#8221;][\/vc_column][vc_column width=&#8221;1\/2&#8243;][vc_empty_space height=&#8221;64px&#8221;][vc_single_image image=&#8221;44351&#8243; img_size=&#8221;full&#8221; alignment=&#8221;right&#8221;][vc_btn title=&#8221;CONTACTEAZ\u0102-NE!&#8221; style=&#8221;gradient-custom&#8221; gradient_custom_color_1=&#8221;#0a0000&#8243; gradient_custom_color_2=&#8221;#626d50&#8243; align=&#8221;center&#8221; button_block=&#8221;true&#8221; smooth_scroll=&#8221;true&#8221; link=&#8221;url:http%3A%2F%2Fdaciacluj.ro%2Fcontact%2F||target:%20_blank&#8221;][\/vc_column][\/vc_row][vc_row][vc_column width=&#8221;1\/4&#8243;]<style type=\"text\/css\" data-type=\"the7_shortcodes-inline-css\">#default-btn-6cc004d58e1f0998fc00bf89608cf63d.ico-right-side > i {\n  margin-right: 0px;\n  margin-left: 8px;\n}\n#default-btn-6cc004d58e1f0998fc00bf89608cf63d > i {\n  margin-right: 8px;\n}\n<\/style><a href=\"https:\/\/daciacluj.ro\/programare-drive-test\/\" class=\"default-btn-shortcode dt-btn dt-btn-l link-hover-off btn-inline-left \" id=\"default-btn-6cc004d58e1f0998fc00bf89608cf63d\" title=\"Programare Drive Test\"><span>Programare drive test<\/span><\/a>[\/vc_column][vc_column width=&#8221;1\/4&#8243;]<style type=\"text\/css\" data-type=\"the7_shortcodes-inline-css\">#default-btn-cb178531b27cf49feb320a5512d605ac.ico-right-side > i {\n  margin-right: 0px;\n  margin-left: 8px;\n}\n#default-btn-cb178531b27cf49feb320a5512d605ac > i {\n  margin-right: 8px;\n}\n<\/style><a href=\"https:\/\/daciacluj.ro\/solicitare-oferta\/\" class=\"default-btn-shortcode dt-btn dt-btn-l link-hover-off btn-inline-left \" id=\"default-btn-cb178531b27cf49feb320a5512d605ac\" title=\"Solicitare Ofert\u0103\"><span>Solicitare Ofert\u0103<\/span><\/a>[\/vc_column][vc_column width=&#8221;1\/4&#8243;]<style type=\"text\/css\" data-type=\"the7_shortcodes-inline-css\">#default-btn-0eb9b85b8a17103091e19746b66f313e.ico-right-side > i {\n  margin-right: 0px;\n  margin-left: 8px;\n}\n#default-btn-0eb9b85b8a17103091e19746b66f313e > i {\n  margin-right: 8px;\n}\n<\/style><a href=\"https:\/\/daciacluj.ro\/programare-in-service\/\" class=\"default-btn-shortcode dt-btn dt-btn-l link-hover-off btn-inline-left \" id=\"default-btn-0eb9b85b8a17103091e19746b66f313e\" title=\"Programare \u00cen Service\"><span>Programare \u00een service<\/span><\/a>[\/vc_column][vc_column width=&#8221;1\/4&#8243;]<style type=\"text\/css\" data-type=\"the7_shortcodes-inline-css\">#default-btn-a306f6bc99f7b4c4fadd51cd5e6dd737.ico-right-side > i {\n  margin-right: 0px;\n  margin-left: 8px;\n}\n#default-btn-a306f6bc99f7b4c4fadd51cd5e6dd737 > i {\n  margin-right: 8px;\n}\n<\/style><div class=\"btn-align-right\"><a href=\"https:\/\/daciacluj.ro\/programare-itp\/\" class=\"default-btn-shortcode dt-btn dt-btn-l link-hover-off \" id=\"default-btn-a306f6bc99f7b4c4fadd51cd5e6dd737\" title=\"Programare ITP\"><span>Programare ITP<\/span><\/a><\/div>[\/vc_column][\/vc_row]<\/p>\n<\/div>","protected":false},"excerpt":{"rendered":"<p>[vc_row margin_top=&#8221;-50&#8243; margin_bottom=&#8221;5&#8243; css=&#8221;.vc_custom_1467111287615{margin-bottom: 5px !important;}&#8221;][vc_column][vc_empty_space][vc_empty_space height=&#8221;20px&#8221;][vc_text_separator title=&#8221;&#8221; color=&#8221;blue&#8221; style=&#8221;shadow&#8221;][\/vc_column][\/vc_row][vc_row][vc_column width=&#8221;1\/2&#8243;][vc_empty_space height=&#8221;90px&#8221;][vc_single_image image=&#8221;44357&#8243; img_size=&#8221;full&#8221;][\/vc_column][vc_column width=&#8221;1\/2&#8243;][vc_single_image image=&#8221;44347&#8243; img_size=&#8221;full&#8221;][\/vc_column][\/vc_row][vc_row][vc_column][vc_separator][vc_column_text] DESIGN CROSSOVERUL\u00a0ROBUST \u0218I VERSATIL [\/vc_column_text][vc_column_text] Profil impresionant, linii orizontale fluide, o nou\u0103 semn\u0103tur\u0103 luminoas\u0103 LED \u00een form\u0103 de Y \u0219i gard\u0103 la sol \u00een\u0103l\u021bat\u0103&#8230; Sandero Stepway se remarc\u0103 printr-un design complet revizuit, afi\u0219\u00e2nd un stil de veritabil crossover.&hellip;<\/p>\n","protected":false},"author":1,"featured_media":0,"parent":0,"menu_order":0,"comment_status":"closed","ping_status":"closed","template":"","meta":{"footnotes":""},"class_list":["post-43983","page","type-page","status-publish","hentry","description-off"],"_links":{"self":[{"href":"http:\/\/daciacluj.ro\/dacia-cluj\/wp-json\/wp\/v2\/pages\/43983","targetHints":{"allow":["GET"]}}],"collection":[{"href":"http:\/\/daciacluj.ro\/dacia-cluj\/wp-json\/wp\/v2\/pages"}],"about":[{"href":"http:\/\/daciacluj.ro\/dacia-cluj\/wp-json\/wp\/v2\/types\/page"}],"author":[{"embeddable":true,"href":"http:\/\/daciacluj.ro\/dacia-cluj\/wp-json\/wp\/v2\/users\/1"}],"replies":[{"embeddable":true,"href":"http:\/\/daciacluj.ro\/dacia-cluj\/wp-json\/wp\/v2\/comments?post=43983"}],"version-history":[{"count":23,"href":"http:\/\/daciacluj.ro\/dacia-cluj\/wp-json\/wp\/v2\/pages\/43983\/revisions"}],"predecessor-version":[{"id":44425,"href":"http:\/\/daciacluj.ro\/dacia-cluj\/wp-json\/wp\/v2\/pages\/43983\/revisions\/44425"}],"wp:attachment":[{"href":"http:\/\/daciacluj.ro\/dacia-cluj\/wp-json\/wp\/v2\/media?parent=43983"}],"curies":[{"name":"wp","href":"https:\/\/api.w.org\/{rel}","templated":true}]}}