{"id":44152,"date":"2024-03-06T08:03:32","date_gmt":"2024-03-06T08:03:32","guid":{"rendered":"https:\/\/daciacluj.ro\/?page_id=44152"},"modified":"2025-03-14T12:38:41","modified_gmt":"2025-03-14T12:38:41","slug":"dacia-duster-2","status":"publish","type":"page","link":"http:\/\/daciacluj.ro\/dacia-cluj\/dacia-duster-2\/","title":{"rendered":"Dacia Duster"},"content":{"rendered":"<div class=\"wpb-content-wrapper\"><p>[vc_row margin_top=&#8221;-50&#8243; margin_bottom=&#8221;5&#8243; css=&#8221;.vc_custom_1467111287615{margin-bottom: 5px !important;}&#8221;][vc_column][vc_empty_space height=&#8221;20px&#8221;][vc_text_separator title=&#8221;&#8221; color=&#8221;custom&#8221; style=&#8221;shadow&#8221; accent_color=&#8221;#b33d26&#8243;][\/vc_column][\/vc_row][vc_row][vc_column][vc_separator][vc_column_text]<\/p>\n<p style=\"text-align: center;\"><span style=\"font-size: 18pt;\"><strong><span class=\"Quote__w is-visible\">O\u00a0<\/span><span class=\"Quote__w is-visible\">adev\u0103rat\u0103\u00a0<\/span><span class=\"Quote__w is-visible\">poveste\u00a0<\/span><span class=\"Quote__w is-visible\">de\u00a0<\/span><span class=\"Quote__w is-visible\">succes,\u00a0<\/span><span class=\"Quote__w is-visible\">cu\u00a0<\/span><span class=\"Quote__w is-visible\">2\u00a0<\/span><span class=\"Quote__w is-visible\">milioane\u00a0<\/span><span class=\"Quote__w is-visible\">de\u00a0<\/span><span class=\"Quote__w is-visible\">posesori,\u00a0<\/span><span class=\"Quote__w is-visible\">modelul\u00a0<\/span><span class=\"Quote__w is-visible\">Duster <\/span><\/strong><strong><span class=\"Quote__w is-visible\">este <\/span><span class=\"Quote__w is-visible\">aici\u00a0<\/span><span class=\"Quote__w is-visible\">cu\u00a0<\/span><span class=\"Quote__w is-visible\">a\u00a0<\/span><span class=\"Quote__w is-visible\">treia\u00a0<\/span><span class=\"Quote__w is-visible\">genera\u021bie\u00a0<\/span><span class=\"Quote__w is-visible\">de\u00a0<\/span><span class=\"Quote__w is-visible\">design\u00a0<\/span><span class=\"Quote__w is-visible\">conving\u0103tor,\u00a0<\/span><span class=\"Quote__w is-visible\">capabilit\u0103\u021bi\u00a0<\/span><span class=\"Quote__w is-visible\">excelente <\/span><\/strong><strong><span class=\"Quote__w is-visible\">pe\u00a0<\/span><span class=\"Quote__w is-visible\">teren\u00a0<\/span><span class=\"Quote__w is-visible\">accidentat\u00a0<\/span><span class=\"Quote__w is-visible\">\u0219i\u00a0<\/span><span class=\"Quote__w is-visible\">polivalen\u021ba\u00a0<\/span><span class=\"Quote__w is-visible\">specific\u0103!<\/span><\/strong><\/span><\/p>\n<p>[\/vc_column_text][vc_separator][vc_single_image image=&#8221;44223&#8243; img_size=&#8221;full&#8221; alignment=&#8221;center&#8221;][vc_column_text]<\/p>\n<h2 class=\"EditoImgText__editoTitle\" style=\"text-align: center;\"><strong>\u00centotdeauna st\u0103p\u00e2n pe situa\u021bie<\/strong><\/h2>\n<p>[\/vc_column_text][vc_column_text]<\/p>\n<div class=\"AemRTE EditoImgText__editoDescription\" style=\"text-align: center;\"><strong><span style=\"font-size: 18pt;\">Gard\u0103 la sol de p\u00e2n\u0103 la 217 mm, unghi de degajare mai mare de 30\u00b0, ajutor la urcarea pantelor cu trac\u021biunea integral\u0103 cuplat\u0103, materiale rezistente la zg\u00e2rieturi: fidel ADN-ului s\u0103u de SUV, Duster are capabilit\u0103\u021bi excelente de teren.<\/span><\/strong><\/div>\n<p>[\/vc_column_text][vc_single_image image=&#8221;44232&#8243; img_size=&#8221;full&#8221; alignment=&#8221;center&#8221;][vc_separator][\/vc_column][\/vc_row][vc_row margin_top=&#8221;-50&#8243; margin_bottom=&#8221;5&#8243; css=&#8221;.vc_custom_1467111287615{margin-bottom: 5px !important;}&#8221;][vc_column width=&#8221;1\/2&#8243;][vc_empty_space height=&#8221;20px&#8221;][vc_column_text]<\/p>\n<p style=\"text-align: center;\"><strong><span style=\"font-size: 18pt;\">NOUL MEDIA NAV LIVE<\/span><\/strong><\/p>\n<p>[\/vc_column_text][vc_column_text]<\/p>\n<div class=\"AemRTE EditoImgText__editoDescription\" style=\"text-align: center;\"><strong><span style=\"font-size: 18pt;\">H\u0103r\u021bi actualizate permanent \u0219i informa\u021bii din trafic \u00een timp real, pe ecranul tactil color de 10 inchi, servicii cu conectare online, redare wireless interfa\u021b\u0103 smartphone pe ecranul multimedia, pentru Apple \u0219i Android, sistem audio Arkamys 3D, aplica\u021bii selectate \u0219i personalizate\u2026 Descoper\u0103 noul sistem multimedia Media Nav Live.\u00a0<\/span><\/strong><\/div>\n<p>[\/vc_column_text][vc_text_separator title=&#8221;&#8221; color=&#8221;custom&#8221; style=&#8221;shadow&#8221; accent_color=&#8221;#b33d26&#8243;][\/vc_column][vc_column width=&#8221;1\/2&#8243;][vc_empty_space]<section class=\"shortcode-teaser frame-fancy frame-on fadeInDownBig animate-element\"><div class=\"layzr-bg shortcode-teaser-img\"><img loading=\"lazy\" decoding=\"async\" class=\"lazy-load\" src=\"data:image\/svg+xml;charset=utf-8,%3Csvg xmlns%3D&#039;http%3A%2F%2Fwww.w3.org%2F2000%2Fsvg&#039; viewBox%3D&#039;0 0 1791 667&#039;%2F%3E\" width=\"1791\" height=\"667\" data-srcset=\"http:\/\/daciacluj.ro\/wp-content\/uploads\/2024\/06\/m2.jpg 1791w\" data-src=\"http:\/\/daciacluj.ro\/wp-content\/uploads\/2024\/06\/m2.jpg\" \/><\/div><div class=\"shortcode-teaser-content text-big\"><\/div><\/section>[vc_empty_space][vc_empty_space][\/vc_column][\/vc_row][vc_row margin_top=&#8221;-50&#8243; margin_bottom=&#8221;5&#8243; css=&#8221;.vc_custom_1467111287615{margin-bottom: 5px !important;}&#8221;][vc_column width=&#8221;2\/3&#8243;][vc_empty_space]<section class=\"shortcode-teaser frame-fancy frame-on fadeInDownBig animate-element\"><div class=\"layzr-bg shortcode-teaser-img\"><img loading=\"lazy\" decoding=\"async\" class=\"lazy-load\" src=\"data:image\/svg+xml;charset=utf-8,%3Csvg xmlns%3D&#039;http%3A%2F%2Fwww.w3.org%2F2000%2Fsvg&#039; viewBox%3D&#039;0 0 830 445&#039;%2F%3E\" width=\"830\" height=\"445\" data-srcset=\"http:\/\/daciacluj.ro\/wp-content\/uploads\/2024\/06\/m3.jpg 830w\" data-src=\"http:\/\/daciacluj.ro\/wp-content\/uploads\/2024\/06\/m3.jpg\" \/><\/div><div class=\"shortcode-teaser-content text-big\"><\/div><\/section>[vc_empty_space][\/vc_column][vc_column width=&#8221;1\/3&#8243;][vc_empty_space height=&#8221;20px&#8221;][vc_column_text]<\/p>\n<p style=\"text-align: center;\"><strong><span style=\"font-size: 18pt;\">SISTEME DE ASISTEN\u021a\u0102 PENTRU \u0218OFER<\/span><\/strong><\/p>\n<p>[\/vc_column_text][vc_column_text]<\/p>\n<div class=\"AemRTE EditoImgText__editoDescription\" style=\"text-align: center;\"><strong><span style=\"font-size: 18pt;\">Modelul Duster este echipat cu cea mai nou\u0103 genera\u021bie de sisteme de asisten\u021b\u0103 pentru \u0219ofer, garant\u00e2nd siguran\u021b\u0103 \u0219i manevrabilitate excelent\u0103.<\/span><\/strong><\/div>\n<p>[\/vc_column_text][\/vc_column][\/vc_row][vc_row][vc_column width=&#8221;1\/2&#8243;][vc_empty_space height=&#8221;55px&#8221;][vc_btn title=&#8221;CONFIGUREAZ\u0102 MODEL&#8221; style=&#8221;gradient-custom&#8221; gradient_custom_color_1=&#8221;#626d50&#8243; gradient_custom_color_2=&#8221;#000a02&#8243; align=&#8221;left&#8221; i_icon_fontawesome=&#8221;&#8221; button_block=&#8221;true&#8221; add_icon=&#8221;true&#8221; link=&#8221;url:https%3A%2F%2Fwww.dacia.ro%2Fgama-de-modele-hibride-si-electrice%2Fduster-suv%2Fconfigurator.html|target:_blank&#8221;][vc_btn title=&#8221;VEZI BRO\u0218URA&#8221; style=&#8221;gradient-custom&#8221; gradient_custom_color_1=&#8221;#626d50&#8243; gradient_custom_color_2=&#8221;#000a02&#8243; align=&#8221;left&#8221; i_icon_fontawesome=&#8221;&#8221; button_block=&#8221;true&#8221; add_icon=&#8221;true&#8221; link=&#8221;url:https%3A%2F%2Fcdn.group.renault.com%2Fdac%2Fro%2Fbrosuri%2FBrosura-interactiva-Duster.pdf.asset.pdf%2Fa363219a7c.pdf|target:_blank&#8221;][vc_btn title=&#8221;SOLICITARE INFORMATII&#8221; style=&#8221;gradient-custom&#8221; gradient_custom_color_1=&#8221;#626d50&#8243; gradient_custom_color_2=&#8221;#0a0c00&#8243; align=&#8221;left&#8221; i_icon_fontawesome=&#8221;&#8221; button_block=&#8221;true&#8221; add_icon=&#8221;true&#8221; link=&#8221;url:https%3A%2F%2Fdaciacluj.ro%2Fsolicitare-oferta%2F|target:_blank&#8221;][\/vc_column][vc_column width=&#8221;1\/2&#8243;][vc_empty_space][vc_single_image image=&#8221;44259&#8243; img_size=&#8221;full&#8221; alignment=&#8221;center&#8221;][vc_btn title=&#8221;CONTACTEAZ\u0102-NE!&#8221; style=&#8221;gradient-custom&#8221; gradient_custom_color_1=&#8221;#0a0000&#8243; gradient_custom_color_2=&#8221;#626d50&#8243; align=&#8221;center&#8221; button_block=&#8221;true&#8221; smooth_scroll=&#8221;true&#8221; link=&#8221;url:http%3A%2F%2Fdaciacluj.ro%2Fcontact%2F||target:%20_blank&#8221;][\/vc_column][\/vc_row][vc_row][vc_column width=&#8221;1\/4&#8243;]<style type=\"text\/css\" data-type=\"the7_shortcodes-inline-css\">#default-btn-6cc004d58e1f0998fc00bf89608cf63d.ico-right-side > i {\n  margin-right: 0px;\n  margin-left: 8px;\n}\n#default-btn-6cc004d58e1f0998fc00bf89608cf63d > i {\n  margin-right: 8px;\n}\n<\/style><a href=\"https:\/\/daciacluj.ro\/programare-drive-test\/\" class=\"default-btn-shortcode dt-btn dt-btn-l link-hover-off btn-inline-left \" id=\"default-btn-6cc004d58e1f0998fc00bf89608cf63d\" title=\"Programare Drive Test\"><span>Programare drive test<\/span><\/a>[\/vc_column][vc_column width=&#8221;1\/4&#8243;]<style type=\"text\/css\" data-type=\"the7_shortcodes-inline-css\">#default-btn-cb178531b27cf49feb320a5512d605ac.ico-right-side > i {\n  margin-right: 0px;\n  margin-left: 8px;\n}\n#default-btn-cb178531b27cf49feb320a5512d605ac > i {\n  margin-right: 8px;\n}\n<\/style><a href=\"https:\/\/daciacluj.ro\/solicitare-oferta\/\" class=\"default-btn-shortcode dt-btn dt-btn-l link-hover-off btn-inline-left \" id=\"default-btn-cb178531b27cf49feb320a5512d605ac\" title=\"Solicitare Ofert\u0103\"><span>Solicitare Ofert\u0103<\/span><\/a>[\/vc_column][vc_column width=&#8221;1\/4&#8243;]<style type=\"text\/css\" data-type=\"the7_shortcodes-inline-css\">#default-btn-0eb9b85b8a17103091e19746b66f313e.ico-right-side > i {\n  margin-right: 0px;\n  margin-left: 8px;\n}\n#default-btn-0eb9b85b8a17103091e19746b66f313e > i {\n  margin-right: 8px;\n}\n<\/style><a href=\"https:\/\/daciacluj.ro\/programare-in-service\/\" class=\"default-btn-shortcode dt-btn dt-btn-l link-hover-off btn-inline-left \" id=\"default-btn-0eb9b85b8a17103091e19746b66f313e\" title=\"Programare \u00cen Service\"><span>Programare \u00een service<\/span><\/a>[\/vc_column][vc_column width=&#8221;1\/4&#8243;]<style type=\"text\/css\" data-type=\"the7_shortcodes-inline-css\">#default-btn-a306f6bc99f7b4c4fadd51cd5e6dd737.ico-right-side > i {\n  margin-right: 0px;\n  margin-left: 8px;\n}\n#default-btn-a306f6bc99f7b4c4fadd51cd5e6dd737 > i {\n  margin-right: 8px;\n}\n<\/style><div class=\"btn-align-right\"><a href=\"https:\/\/daciacluj.ro\/programare-itp\/\" class=\"default-btn-shortcode dt-btn dt-btn-l link-hover-off \" id=\"default-btn-a306f6bc99f7b4c4fadd51cd5e6dd737\" title=\"Programare ITP\"><span>Programare ITP<\/span><\/a><\/div>[\/vc_column][\/vc_row]<\/p>\n<\/div>","protected":false},"excerpt":{"rendered":"<p>[vc_row margin_top=&#8221;-50&#8243; margin_bottom=&#8221;5&#8243; css=&#8221;.vc_custom_1467111287615{margin-bottom: 5px !important;}&#8221;][vc_column][vc_empty_space height=&#8221;20px&#8221;][vc_text_separator title=&#8221;&#8221; color=&#8221;custom&#8221; style=&#8221;shadow&#8221; accent_color=&#8221;#b33d26&#8243;][\/vc_column][\/vc_row][vc_row][vc_column][vc_separator][vc_column_text] O\u00a0adev\u0103rat\u0103\u00a0poveste\u00a0de\u00a0succes,\u00a0cu\u00a02\u00a0milioane\u00a0de\u00a0posesori,\u00a0modelul\u00a0Duster este aici\u00a0cu\u00a0a\u00a0treia\u00a0genera\u021bie\u00a0de\u00a0design\u00a0conving\u0103tor,\u00a0capabilit\u0103\u021bi\u00a0excelente pe\u00a0teren\u00a0accidentat\u00a0\u0219i\u00a0polivalen\u021ba\u00a0specific\u0103! [\/vc_column_text][vc_separator][vc_single_image image=&#8221;44223&#8243; img_size=&#8221;full&#8221; alignment=&#8221;center&#8221;][vc_column_text] \u00centotdeauna st\u0103p\u00e2n pe situa\u021bie [\/vc_column_text][vc_column_text] Gard\u0103 la sol de p\u00e2n\u0103 la 217 mm, unghi de degajare mai mare de 30\u00b0, ajutor la urcarea pantelor cu trac\u021biunea integral\u0103 cuplat\u0103, materiale rezistente la zg\u00e2rieturi: fidel ADN-ului s\u0103u de&hellip;<\/p>\n","protected":false},"author":1,"featured_media":0,"parent":0,"menu_order":0,"comment_status":"closed","ping_status":"closed","template":"","meta":{"footnotes":""},"class_list":["post-44152","page","type-page","status-publish","hentry","description-off"],"_links":{"self":[{"href":"http:\/\/daciacluj.ro\/dacia-cluj\/wp-json\/wp\/v2\/pages\/44152","targetHints":{"allow":["GET"]}}],"collection":[{"href":"http:\/\/daciacluj.ro\/dacia-cluj\/wp-json\/wp\/v2\/pages"}],"about":[{"href":"http:\/\/daciacluj.ro\/dacia-cluj\/wp-json\/wp\/v2\/types\/page"}],"author":[{"embeddable":true,"href":"http:\/\/daciacluj.ro\/dacia-cluj\/wp-json\/wp\/v2\/users\/1"}],"replies":[{"embeddable":true,"href":"http:\/\/daciacluj.ro\/dacia-cluj\/wp-json\/wp\/v2\/comments?post=44152"}],"version-history":[{"count":40,"href":"http:\/\/daciacluj.ro\/dacia-cluj\/wp-json\/wp\/v2\/pages\/44152\/revisions"}],"predecessor-version":[{"id":44773,"href":"http:\/\/daciacluj.ro\/dacia-cluj\/wp-json\/wp\/v2\/pages\/44152\/revisions\/44773"}],"wp:attachment":[{"href":"http:\/\/daciacluj.ro\/dacia-cluj\/wp-json\/wp\/v2\/media?parent=44152"}],"curies":[{"name":"wp","href":"https:\/\/api.w.org\/{rel}","templated":true}]}}