{"id":44617,"date":"2025-01-15T20:44:23","date_gmt":"2025-01-15T20:44:23","guid":{"rendered":"https:\/\/daciacluj.ro\/?page_id=44617"},"modified":"2025-03-14T12:37:51","modified_gmt":"2025-03-14T12:37:51","slug":"dacia-bigster","status":"publish","type":"page","link":"http:\/\/daciacluj.ro\/dacia-cluj\/dacia-bigster\/","title":{"rendered":"Dacia Bigster"},"content":{"rendered":"<div class=\"wpb-content-wrapper\"><p>[vc_row margin_top=&#8221;-50&#8243; margin_bottom=&#8221;5&#8243; css=&#8221;.vc_custom_1467111287615{margin-bottom: 5px !important;}&#8221;][vc_column][vc_empty_space height=&#8221;20px&#8221;][vc_text_separator title=&#8221;&#8221; color=&#8221;custom&#8221; style=&#8221;shadow&#8221; accent_color=&#8221;#b33d26&#8243;][\/vc_column][\/vc_row][vc_row][vc_column][vc_separator][vc_column_text]<\/p>\n<p style=\"text-align: center;\"><span style=\"font-size: 18pt;\"><strong>Dacia\u00a0are\u00a0obiective\u00a0ambi\u021bioase\u00a0cu\u00a0Bigster\u00a0hibrid\u00a0cu\u00a05\u00a0locuri!\u00a0Designul\u00a0modern\u00a0\u0219i\u00a0aerodinamic\u00a0<\/strong><\/span><\/p>\n<p style=\"text-align: center;\"><span style=\"font-size: 18pt;\"><strong>scoate\u00a0\u00een\u00a0eviden\u021b\u0103\u00a0caracterul\u00a0puternic\u00a0al\u00a0modelului\u00a0Bigster,\u00a0iar\u00a0interiorul\u00a0s\u0103u\u00a0spa\u021bios\u00a0<\/strong><\/span><\/p>\n<p style=\"text-align: center;\"><span style=\"font-size: 18pt;\"><strong>\u0219i\u00a0bine\u00a0echipat\u00a0\u00ee\u021bi\u00a0ofer\u0103\u00a0tot\u00a0confortul\u00a0de\u00a0care\u00a0ai\u00a0nevoie\u00a0\u00een\u00a0fiecare\u00a0c\u0103l\u0103torie.<\/strong><\/span><\/p>\n<p>[\/vc_column_text][vc_separator][vc_single_image image=&#8221;44631&#8243; img_size=&#8221;full&#8221; alignment=&#8221;center&#8221;][vc_column_text]<\/p>\n<p style=\"text-align: center;\"><span style=\"font-size: 18pt;\"><strong>XXL \u00een interior<\/strong><\/span><\/p>\n<p>[\/vc_column_text][vc_column_text]<\/p>\n<div class=\"AemRTE EditoImgText__editoDescription\" style=\"text-align: center;\">\n<p><strong><span style=\"font-size: 18pt;\">Bigster \u00eempinge limitele segmentului s\u0103u cu dimensiunile sale! Cel mai generos spa\u021biu la nivelul capului, cel mai \u00eenc\u0103p\u0103tor spa\u021biu pentru picioare pentru pasagerii din spate \u0219i un portbagaj foarte mare de p\u00e2n\u0103 la 667 de litri VDA, care \u00ee\u021bi ofer\u0103 suficient spa\u021biu pentru tot ce ai nevoie.<\/span><\/strong><\/p>\n<\/div>\n<p>[\/vc_column_text][vc_single_image image=&#8221;44633&#8243; img_size=&#8221;full&#8221; alignment=&#8221;center&#8221;][vc_separator][\/vc_column][\/vc_row][vc_row margin_top=&#8221;-50&#8243; margin_bottom=&#8221;5&#8243; css=&#8221;.vc_custom_1467111287615{margin-bottom: 5px !important;}&#8221;][vc_column width=&#8221;1\/2&#8243;][vc_empty_space height=&#8221;60px&#8221;][vc_column_text]<\/p>\n<p style=\"text-align: center;\"><span style=\"font-size: 18pt;\"><strong>Hayon ac\u021bionat electric<\/strong><\/span><\/p>\n<p>[\/vc_column_text][vc_column_text]<\/p>\n<div class=\"AemRTE EditoImgText__editoDescription\" style=\"text-align: center;\">\n<p><strong><span style=\"font-size: 18pt;\">\u00cencarc\u0103 \u0219i descarc\u0103 cu u\u0219urin\u021b\u0103, prin deschiderea automat\u0103 a hayonului din interior, cu ajutorul cardului \u201em\u00e2ini libere\u201d, sau direct de pe hayon. Po\u021bi chiar modifica \u00een\u0103l\u021bimea de deschidere, func\u021bie extrem de util\u0103 dac\u0103 e\u0219ti \u00eentr-o parcare cu restric\u021bii de \u00een\u0103l\u021bime.<\/span><\/strong><\/p>\n<\/div>\n<p>[\/vc_column_text][vc_text_separator title=&#8221;&#8221; color=&#8221;custom&#8221; style=&#8221;shadow&#8221; accent_color=&#8221;#b33d26&#8243;][\/vc_column][vc_column width=&#8221;1\/2&#8243;][vc_empty_space height=&#8221;12px&#8221;]<section class=\"shortcode-teaser frame-fancy frame-on fadeInDownBig animate-element\"><div class=\"layzr-bg shortcode-teaser-img\"><img loading=\"lazy\" decoding=\"async\" class=\"lazy-load\" src=\"data:image\/svg+xml;charset=utf-8,%3Csvg xmlns%3D&#039;http%3A%2F%2Fwww.w3.org%2F2000%2Fsvg&#039; viewBox%3D&#039;0 0 865 677&#039;%2F%3E\" width=\"865\" height=\"677\" data-srcset=\"http:\/\/daciacluj.ro\/wp-content\/uploads\/2025\/01\/16B.jpg 865w\" data-src=\"http:\/\/daciacluj.ro\/wp-content\/uploads\/2025\/01\/16B.jpg\" \/><\/div><div class=\"shortcode-teaser-content text-big\"><\/div><\/section>[vc_empty_space][vc_empty_space][\/vc_column][\/vc_row][vc_row margin_top=&#8221;-50&#8243; margin_bottom=&#8221;5&#8243; css=&#8221;.vc_custom_1467111287615{margin-bottom: 5px !important;}&#8221;][vc_column width=&#8221;1\/2&#8243;][vc_empty_space height=&#8221;12px&#8221;]<section class=\"shortcode-teaser frame-fancy frame-on fadeInDownBig animate-element\"><div class=\"layzr-bg shortcode-teaser-img\"><img loading=\"lazy\" decoding=\"async\" class=\"lazy-load\" src=\"data:image\/svg+xml;charset=utf-8,%3Csvg xmlns%3D&#039;http%3A%2F%2Fwww.w3.org%2F2000%2Fsvg&#039; viewBox%3D&#039;0 0 941 719&#039;%2F%3E\" width=\"941\" height=\"719\" data-srcset=\"http:\/\/daciacluj.ro\/wp-content\/uploads\/2025\/01\/17B.jpg 941w\" data-src=\"http:\/\/daciacluj.ro\/wp-content\/uploads\/2025\/01\/17B.jpg\" \/><\/div><div class=\"shortcode-teaser-content text-big\"><\/div><\/section>[vc_empty_space][\/vc_column][vc_column width=&#8221;1\/2&#8243;][vc_empty_space height=&#8221;120px&#8221;][vc_column_text]<\/p>\n<p style=\"text-align: center;\"><span style=\"font-size: 18pt;\"><strong>Reglare electric\u0103 \u0219i suport lombar<\/strong><\/span><\/p>\n<p>[\/vc_column_text][vc_column_text]<\/p>\n<div class=\"AemRTE EditoImgText__editoDescription\" style=\"text-align: center;\">\n<p><strong><span style=\"font-size: 18pt;\">Po\u021bi regla electric \u00een\u0103l\u021bimea \u0219i \u00eenclinarea sp\u0103tarului scaunului \u0219oferului \u0219i, manual, suportul lombar pentru \u0219ofer \u0219i pasager.<\/span><\/strong><\/p>\n<\/div>\n<p>[\/vc_column_text][\/vc_column][\/vc_row][vc_row][vc_column][vc_column_text]<\/p>\n<p style=\"text-align: center;\"><span style=\"font-size: 18pt;\"><strong>Noua motorizare Hybrid 155<\/strong><\/span><\/p>\n<p>[\/vc_column_text][vc_column_text]<\/p>\n<p style=\"text-align: center;\"><strong><span style=\"font-size: 18pt;\">Pl\u0103cerea de a conduce este de neegalat cu motorizarea Hybrid 155! Cu 155 CP \u0219i cuplu de 170 Nm, aceast\u0103 motorizare ofer\u0103 putere \u0219i flexibilitate pentru deplas\u0103rile zilnice. Datorit\u0103 tehnologiei hibride optimizate, consumul de combustibil \u0219i emisiile de CO\u2082 sunt reduse, combin\u00e2nd astfel performan\u021ba \u0219i respectul pentru mediu.<\/span><\/strong><\/p>\n<p>[\/vc_column_text][vc_single_image image=&#8221;44643&#8243; img_size=&#8221;full&#8221; alignment=&#8221;center&#8221;][\/vc_column][\/vc_row][vc_row][vc_column width=&#8221;1\/2&#8243;][vc_empty_space height=&#8221;55px&#8221;][vc_btn title=&#8221;CONFIGUREAZ\u0102 MODEL&#8221; style=&#8221;gradient-custom&#8221; gradient_custom_color_1=&#8221;#626d50&#8243; gradient_custom_color_2=&#8221;#000a02&#8243; align=&#8221;left&#8221; i_icon_fontawesome=&#8221;&#8221; button_block=&#8221;true&#8221; add_icon=&#8221;true&#8221; link=&#8221;url:https%3A%2F%2Fwww.dacia.ro%2Fgama-de-modele-hibride-si-electrice%2Fbigster-suv%2Fconfigurator.html%3FmodelAdminId%3Dbigster-db3l1-ph1|target:_blank&#8221;][vc_btn title=&#8221;VEZI BRO\u0218URA&#8221; style=&#8221;gradient-custom&#8221; gradient_custom_color_1=&#8221;#626d50&#8243; gradient_custom_color_2=&#8221;#000a02&#8243; align=&#8221;left&#8221; i_icon_fontawesome=&#8221;&#8221; button_block=&#8221;true&#8221; add_icon=&#8221;true&#8221; link=&#8221;url:https%3A%2F%2Fcdn.group.renault.com%2Fdac%2Fro%2Fbrosuri%2FMini-Brosura-interactiva-Bigster.pdf.asset.pdf%2Fe51ef5a86b.pdf|target:_blank&#8221;][vc_btn title=&#8221;SOLICITARE INFORMATII&#8221; style=&#8221;gradient-custom&#8221; gradient_custom_color_1=&#8221;#626d50&#8243; gradient_custom_color_2=&#8221;#0a0c00&#8243; align=&#8221;left&#8221; i_icon_fontawesome=&#8221;&#8221; button_block=&#8221;true&#8221; add_icon=&#8221;true&#8221; link=&#8221;url:https%3A%2F%2Fdaciacluj.ro%2Fsolicitare-oferta%2F|target:_blank&#8221;][\/vc_column][vc_column width=&#8221;1\/2&#8243;][vc_empty_space][vc_single_image image=&#8221;44259&#8243; img_size=&#8221;full&#8221; alignment=&#8221;center&#8221;][vc_btn title=&#8221;CONTACTEAZ\u0102-NE!&#8221; style=&#8221;gradient-custom&#8221; gradient_custom_color_1=&#8221;#0a0000&#8243; gradient_custom_color_2=&#8221;#626d50&#8243; align=&#8221;center&#8221; button_block=&#8221;true&#8221; smooth_scroll=&#8221;true&#8221; link=&#8221;url:http%3A%2F%2Fdaciacluj.ro%2Fcontact%2F||target:%20_blank&#8221;][\/vc_column][\/vc_row][vc_row][vc_column width=&#8221;1\/4&#8243;]<style type=\"text\/css\" data-type=\"the7_shortcodes-inline-css\">#default-btn-6cc004d58e1f0998fc00bf89608cf63d.ico-right-side > i {\n  margin-right: 0px;\n  margin-left: 8px;\n}\n#default-btn-6cc004d58e1f0998fc00bf89608cf63d > i {\n  margin-right: 8px;\n}\n<\/style><a href=\"https:\/\/daciacluj.ro\/programare-drive-test\/\" class=\"default-btn-shortcode dt-btn dt-btn-l link-hover-off btn-inline-left \" id=\"default-btn-6cc004d58e1f0998fc00bf89608cf63d\" title=\"Programare Drive Test\"><span>Programare drive test<\/span><\/a>[\/vc_column][vc_column width=&#8221;1\/4&#8243;]<style type=\"text\/css\" data-type=\"the7_shortcodes-inline-css\">#default-btn-cb178531b27cf49feb320a5512d605ac.ico-right-side > i {\n  margin-right: 0px;\n  margin-left: 8px;\n}\n#default-btn-cb178531b27cf49feb320a5512d605ac > i {\n  margin-right: 8px;\n}\n<\/style><a href=\"https:\/\/daciacluj.ro\/solicitare-oferta\/\" class=\"default-btn-shortcode dt-btn dt-btn-l link-hover-off btn-inline-left \" id=\"default-btn-cb178531b27cf49feb320a5512d605ac\" title=\"Solicitare Ofert\u0103\"><span>Solicitare Ofert\u0103<\/span><\/a>[\/vc_column][vc_column width=&#8221;1\/4&#8243;]<style type=\"text\/css\" data-type=\"the7_shortcodes-inline-css\">#default-btn-0eb9b85b8a17103091e19746b66f313e.ico-right-side > i {\n  margin-right: 0px;\n  margin-left: 8px;\n}\n#default-btn-0eb9b85b8a17103091e19746b66f313e > i {\n  margin-right: 8px;\n}\n<\/style><a href=\"https:\/\/daciacluj.ro\/programare-in-service\/\" class=\"default-btn-shortcode dt-btn dt-btn-l link-hover-off btn-inline-left \" id=\"default-btn-0eb9b85b8a17103091e19746b66f313e\" title=\"Programare \u00cen Service\"><span>Programare \u00een service<\/span><\/a>[\/vc_column][vc_column width=&#8221;1\/4&#8243;]<style type=\"text\/css\" data-type=\"the7_shortcodes-inline-css\">#default-btn-a306f6bc99f7b4c4fadd51cd5e6dd737.ico-right-side > i {\n  margin-right: 0px;\n  margin-left: 8px;\n}\n#default-btn-a306f6bc99f7b4c4fadd51cd5e6dd737 > i {\n  margin-right: 8px;\n}\n<\/style><div class=\"btn-align-right\"><a href=\"https:\/\/daciacluj.ro\/programare-itp\/\" class=\"default-btn-shortcode dt-btn dt-btn-l link-hover-off \" id=\"default-btn-a306f6bc99f7b4c4fadd51cd5e6dd737\" title=\"Programare ITP\"><span>Programare ITP<\/span><\/a><\/div>[\/vc_column][\/vc_row]<\/p>\n<\/div>","protected":false},"excerpt":{"rendered":"<p>[vc_row margin_top=&#8221;-50&#8243; margin_bottom=&#8221;5&#8243; css=&#8221;.vc_custom_1467111287615{margin-bottom: 5px !important;}&#8221;][vc_column][vc_empty_space height=&#8221;20px&#8221;][vc_text_separator title=&#8221;&#8221; color=&#8221;custom&#8221; style=&#8221;shadow&#8221; accent_color=&#8221;#b33d26&#8243;][\/vc_column][\/vc_row][vc_row][vc_column][vc_separator][vc_column_text] Dacia\u00a0are\u00a0obiective\u00a0ambi\u021bioase\u00a0cu\u00a0Bigster\u00a0hibrid\u00a0cu\u00a05\u00a0locuri!\u00a0Designul\u00a0modern\u00a0\u0219i\u00a0aerodinamic\u00a0 scoate\u00a0\u00een\u00a0eviden\u021b\u0103\u00a0caracterul\u00a0puternic\u00a0al\u00a0modelului\u00a0Bigster,\u00a0iar\u00a0interiorul\u00a0s\u0103u\u00a0spa\u021bios\u00a0 \u0219i\u00a0bine\u00a0echipat\u00a0\u00ee\u021bi\u00a0ofer\u0103\u00a0tot\u00a0confortul\u00a0de\u00a0care\u00a0ai\u00a0nevoie\u00a0\u00een\u00a0fiecare\u00a0c\u0103l\u0103torie. [\/vc_column_text][vc_separator][vc_single_image image=&#8221;44631&#8243; img_size=&#8221;full&#8221; alignment=&#8221;center&#8221;][vc_column_text] XXL \u00een interior [\/vc_column_text][vc_column_text] Bigster \u00eempinge limitele segmentului s\u0103u cu dimensiunile sale! Cel mai generos spa\u021biu la nivelul capului, cel mai \u00eenc\u0103p\u0103tor spa\u021biu pentru picioare pentru pasagerii din spate \u0219i un portbagaj foarte mare de p\u00e2n\u0103 la&hellip;<\/p>\n","protected":false},"author":1,"featured_media":0,"parent":0,"menu_order":0,"comment_status":"closed","ping_status":"closed","template":"","meta":{"footnotes":""},"class_list":["post-44617","page","type-page","status-publish","hentry","description-off"],"_links":{"self":[{"href":"http:\/\/daciacluj.ro\/dacia-cluj\/wp-json\/wp\/v2\/pages\/44617","targetHints":{"allow":["GET"]}}],"collection":[{"href":"http:\/\/daciacluj.ro\/dacia-cluj\/wp-json\/wp\/v2\/pages"}],"about":[{"href":"http:\/\/daciacluj.ro\/dacia-cluj\/wp-json\/wp\/v2\/types\/page"}],"author":[{"embeddable":true,"href":"http:\/\/daciacluj.ro\/dacia-cluj\/wp-json\/wp\/v2\/users\/1"}],"replies":[{"embeddable":true,"href":"http:\/\/daciacluj.ro\/dacia-cluj\/wp-json\/wp\/v2\/comments?post=44617"}],"version-history":[{"count":17,"href":"http:\/\/daciacluj.ro\/dacia-cluj\/wp-json\/wp\/v2\/pages\/44617\/revisions"}],"predecessor-version":[{"id":44772,"href":"http:\/\/daciacluj.ro\/dacia-cluj\/wp-json\/wp\/v2\/pages\/44617\/revisions\/44772"}],"wp:attachment":[{"href":"http:\/\/daciacluj.ro\/dacia-cluj\/wp-json\/wp\/v2\/media?parent=44617"}],"curies":[{"name":"wp","href":"https:\/\/api.w.org\/{rel}","templated":true}]}}