{"id":44693,"date":"2025-03-12T10:09:15","date_gmt":"2025-03-12T10:09:15","guid":{"rendered":"https:\/\/daciacluj.ro\/?page_id=44693"},"modified":"2026-03-02T13:02:39","modified_gmt":"2026-03-02T13:02:39","slug":"oferte","status":"publish","type":"page","link":"http:\/\/daciacluj.ro\/dacia-cluj\/oferte\/","title":{"rendered":"Oferte"},"content":{"rendered":"<div class=\"wpb-content-wrapper\"><p>[vc_row margin_top=&#8221;-50&#8243; margin_bottom=&#8221;5&#8243; css=&#8221;.vc_custom_1467111287615{margin-bottom: 5px !important;}&#8221;][vc_column][vc_empty_space][vc_column_text css=&#8221;&#8221;]<\/p>\n<h3 class=\"AemRTE EditoImgText__editoDescription\" style=\"text-align: center;\"><span style=\"font-family: dacia-block; font-size: 24pt;\">LUNA <span style=\"color: #646b52;\">DACIA<\/span><\/span><\/h3>\n<p style=\"text-align: center;\"><span style=\"font-family: dacia-block; font-size: 18pt; color: #000000;\">G\u0102SE\u0218TE OFERTA POTRIVIT\u0102!<\/span><\/p>\n<p>[\/vc_column_text][\/vc_column][\/vc_row][vc_row][vc_column width=&#8221;1\/3&#8243;]<section class=\"shortcode-teaser img-full\"><div class=\"shortcode-teaser-img\"><a class=\"layzr-bg\" href=\"https:\/\/www.dacia.ro\/promotii\/sandero-stepway-essential-eco-g-120-auto.html\" target=\"_blank\"><img loading=\"lazy\" decoding=\"async\" class=\"lazy-load\" src=\"data:image\/svg+xml;charset=utf-8,%3Csvg xmlns%3D&#039;http%3A%2F%2Fwww.w3.org%2F2000%2Fsvg&#039; viewBox%3D&#039;0 0 2048 1152&#039;%2F%3E\" width=\"2048\" height=\"1152\" data-srcset=\"http:\/\/daciacluj.ro\/wp-content\/uploads\/2026\/03\/STEPWAY-SITE.webp 2048w\" data-src=\"http:\/\/daciacluj.ro\/wp-content\/uploads\/2026\/03\/STEPWAY-SITE.webp\" \/><\/a><\/div><div class=\"shortcode-teaser-content text-big\"><p style=\"text-align: center;\"><span style=\"font-size: 12pt;\"><strong><span style=\"font-family: dacia-block;\">NOUL SANDERO STEPWAY<\/span><\/strong><\/span><\/p>\n<p style=\"text-align: center;\"><span style=\"font-family: dacia-block;\">de la <strong>18.300<\/strong> EUR (TVA inclus)*<\/span><\/p>\n<p style=\"text-align: center;\"><span style=\"font-family: dacia-block;\">*Ofert\u0103 supus\u0103 unor condi\u021bii.<\/span><\/p>\n<\/div><\/section>\n\t\t\t<div class=\"ult_dual_button  ult-adjust-bottom-margin to-center  \"  data-response=\"on\" id=\"ult_btn_3748752124\">\n\n\t\t\t<div id=\"dualbtn-5578\" class=\"ulitmate_dual_buttons ult-dual-btn3 ult_main_dualbtn \" data-bcolor=\"#333333\"data-bhcolor=\"\">\n\n\t\t\t<div class=\"ult_dualbutton-wrapper btn-inline place-template bt1 \"><a href=\"https:\/\/www.dacia.ro\/promotii\/sandero-stepway-essential-eco-g-120-auto.html\"  class=\"ult_ivan_button round-square with-icon icon-before with-text place-template ult_dual1\" style=\";margin-right:px;;background-color:#646B52 !important;; border-color:#333333;border-style:;border-width:0px;border-radius:px;;\">\n\t\t\t<span class=\"ult-dual-btn-1 Style 2\" style=\"\"  data-bgcolor=\"#646B52\" data-bghovercolor=\"#000000\" data-icon_color=\"#333333\" data-icon_hover_color=\"#333333\" data-textcolor=\"#FFFFFF\" data-texthovercolor=\"#FFFFFF\" data-iconbgcolor=\"transperent\" data-iconbghovercolor=\"transperent\" data-iconborder=\"transperent\" data-iconhoverborder=\"transperent\" >\n\t\t\t<span class=\"icon-simple icon-left1 ult_btn1span ult-dual-btn-no-icon\"  style=\";padding-left:0px; \"><\/span>\n\t\t\t<span class=\"text-btn ult-dual-button-title ult-responsive\"  data-ultimate-target='#dualbtn-5578 .ult-dual-button-title'  data-responsive-json-new='{\"font-size\":\"desktop:15px;\",\"line-height\":\"desktop:15px;\"}'  style=\"font-weight:normal;color:#FFFFFF;\">VEZI OFERTA<\/span>\n\n\t\t\t<\/span>\n\t\t\t<\/a><span class=\"middle-text\" style=\"line-height: 1.8em;color:#ffffff;background-color:#333333;border-width:0px;\">\n\t\t\t<span class=\"middle-inner\"  >|<\/span>\n\t\t\t<\/span>\n\n\t\t\t<\/div>\n\n\t\t\t<div class=\"ult_dualbutton-wrapper btn-inline place-template btn2 \"><a href=\"https:\/\/daciacluj.ro\/dacia-cluj\/solicitare-oferta\/\"  class=\"ult_ivan_button round-square with-icon icon-after with-text place-template ult_dual2\"  style=\";background-color:#FFFFFF !important;;margin-left:px;;border-color:#333333;border-style:;border-width:0px;border-radius:px;\">\n\t\t\t<span class=\"ult-dual-btn-2 Style 2\"  data-bgcolor=\"#FFFFFF\" data-bghovercolor=\"#FFFFFF\" data-icon_color=\"#333333\" data-icon_hover_color=\"#333333\" data-textcolor=\"#000000\" data-texthovercolor=\"#646B52\" data-iconbgcolor=\"transperent\" data-iconbghovercolor=\"transperent\" data-iconborder=\"transperent\" data-iconhoverborder=\"transperent\" >\n\t\t\t<span class=\"text-btn ult-dual-button-title\" style=\"font-weight:normal;color:#000000;\">VREAU OFERTA<\/span>\n\n\t\t\t<span class=\"icon-simple icon-right2 ult_btn1span ult-dual-btn-no-icon\"  style=\";padding-left:0px; \"><\/span>\n\t\t\t<\/span>\n\t\t\t<\/a><\/div>\n\t\t\t<\/div>\n\t\t\t<\/div>[\/vc_column][vc_column width=&#8221;1\/3&#8243;]<section class=\"shortcode-teaser img-full\"><div class=\"shortcode-teaser-img\"><a class=\"layzr-bg\" href=\"https:\/\/www.dacia.ro\/promotii\/logan-expression-eco-g-120-auto.html\" target=\"_blank\"><img loading=\"lazy\" decoding=\"async\" class=\"lazy-load\" src=\"data:image\/svg+xml;charset=utf-8,%3Csvg xmlns%3D&#039;http%3A%2F%2Fwww.w3.org%2F2000%2Fsvg&#039; viewBox%3D&#039;0 0 2048 1152&#039;%2F%3E\" width=\"2048\" height=\"1152\" data-srcset=\"http:\/\/daciacluj.ro\/wp-content\/uploads\/2026\/03\/LOGAN-SITE.webp 2048w\" data-src=\"http:\/\/daciacluj.ro\/wp-content\/uploads\/2026\/03\/LOGAN-SITE.webp\" \/><\/a><\/div><div class=\"shortcode-teaser-content text-big\"><p style=\"text-align: center;\"><span style=\"font-size: 12pt;\"><strong><span style=\"font-family: dacia-block;\">NOUL LOGAN<\/span><\/strong><\/span><\/p>\n<p style=\"text-align: center;\"><span style=\"font-family: dacia-block;\">de la <strong>17.250<\/strong> EUR (TVA inclus)*<\/span><\/p>\n<p style=\"text-align: center;\"><span style=\"font-family: dacia-block;\">*Ofert\u0103 supus\u0103 unor condi\u021bii.<\/span><\/p>\n<\/div><\/section>\n\t\t\t<div class=\"ult_dual_button  ult-adjust-bottom-margin to-center  \"  data-response=\"on\" id=\"ult_btn_1779691428\">\n\n\t\t\t<div id=\"dualbtn-9233\" class=\"ulitmate_dual_buttons ult-dual-btn3 ult_main_dualbtn \" data-bcolor=\"#333333\"data-bhcolor=\"\">\n\n\t\t\t<div class=\"ult_dualbutton-wrapper btn-inline place-template bt1 \"><a href=\"https:\/\/www.dacia.ro\/promotii\/logan-expression-eco-g-120-auto.html\"  class=\"ult_ivan_button round-square with-icon icon-before with-text place-template ult_dual1\" style=\";margin-right:px;;background-color:#646B52 !important;; border-color:#333333;border-style:;border-width:0px;border-radius:px;;\">\n\t\t\t<span class=\"ult-dual-btn-1 Style 2\" style=\"\"  data-bgcolor=\"#646B52\" data-bghovercolor=\"#000000\" data-icon_color=\"#333333\" data-icon_hover_color=\"#333333\" data-textcolor=\"#FFFFFF\" data-texthovercolor=\"#FFFFFF\" data-iconbgcolor=\"transperent\" data-iconbghovercolor=\"transperent\" data-iconborder=\"transperent\" data-iconhoverborder=\"transperent\" >\n\t\t\t<span class=\"icon-simple icon-left1 ult_btn1span ult-dual-btn-no-icon\"  style=\";padding-left:0px; \"><\/span>\n\t\t\t<span class=\"text-btn ult-dual-button-title ult-responsive\"  data-ultimate-target='#dualbtn-9233 .ult-dual-button-title'  data-responsive-json-new='{\"font-size\":\"desktop:15px;\",\"line-height\":\"desktop:15px;\"}'  style=\"font-weight:normal;color:#FFFFFF;\">VEZI OFERTA<\/span>\n\n\t\t\t<\/span>\n\t\t\t<\/a><span class=\"middle-text\" style=\"line-height: 1.8em;color:#ffffff;background-color:#333333;border-width:0px;\">\n\t\t\t<span class=\"middle-inner\"  >|<\/span>\n\t\t\t<\/span>\n\n\t\t\t<\/div>\n\n\t\t\t<div class=\"ult_dualbutton-wrapper btn-inline place-template btn2 \"><a href=\"https:\/\/daciacluj.ro\/dacia-cluj\/solicitare-oferta\/\"  class=\"ult_ivan_button round-square with-icon icon-after with-text place-template ult_dual2\"  style=\";background-color:#FFFFFF !important;;margin-left:px;;border-color:#333333;border-style:;border-width:0px;border-radius:px;\">\n\t\t\t<span class=\"ult-dual-btn-2 Style 2\"  data-bgcolor=\"#FFFFFF\" data-bghovercolor=\"#FFFFFF\" data-icon_color=\"#333333\" data-icon_hover_color=\"#333333\" data-textcolor=\"#000000\" data-texthovercolor=\"#646B52\" data-iconbgcolor=\"transperent\" data-iconbghovercolor=\"transperent\" data-iconborder=\"transperent\" data-iconhoverborder=\"transperent\" >\n\t\t\t<span class=\"text-btn ult-dual-button-title\" style=\"font-weight:normal;color:#000000;\">VREAU OFERTA<\/span>\n\n\t\t\t<span class=\"icon-simple icon-right2 ult_btn1span ult-dual-btn-no-icon\"  style=\";padding-left:0px; \"><\/span>\n\t\t\t<\/span>\n\t\t\t<\/a><\/div>\n\t\t\t<\/div>\n\t\t\t<\/div>[\/vc_column][vc_column width=&#8221;1\/3&#8243;]<section class=\"shortcode-teaser img-full\"><div class=\"shortcode-teaser-img\"><a class=\"layzr-bg\" href=\"https:\/\/www.dacia.ro\/promotii\/jogger-essential-tce-110.html\" target=\"_blank\"><img loading=\"lazy\" decoding=\"async\" class=\"lazy-load\" src=\"data:image\/svg+xml;charset=utf-8,%3Csvg xmlns%3D&#039;http%3A%2F%2Fwww.w3.org%2F2000%2Fsvg&#039; viewBox%3D&#039;0 0 2048 1152&#039;%2F%3E\" width=\"2048\" height=\"1152\" data-srcset=\"http:\/\/daciacluj.ro\/wp-content\/uploads\/2026\/03\/JOGGER-SITE.webp 2048w\" data-src=\"http:\/\/daciacluj.ro\/wp-content\/uploads\/2026\/03\/JOGGER-SITE.webp\" \/><\/a><\/div><div class=\"shortcode-teaser-content text-big\"><p style=\"text-align: center;\"><span style=\"font-size: 12pt;\"><strong><span style=\"font-family: dacia-block;\">NOUL JOGGER<\/span><\/strong><\/span><\/p>\n<p style=\"text-align: center;\"><span style=\"font-family: dacia-block;\">de la <strong>19.000<\/strong> EUR (TVA inclus)*<\/span><\/p>\n<p style=\"text-align: center;\"><span style=\"font-family: dacia-block;\">*Ofert\u0103 supus\u0103 unor condi\u021bii.<\/span><\/p>\n<\/div><\/section>\n\t\t\t<div class=\"ult_dual_button  ult-adjust-bottom-margin to-center  \"  data-response=\"on\" id=\"ult_btn_1962300690\">\n\n\t\t\t<div id=\"dualbtn-7196\" class=\"ulitmate_dual_buttons ult-dual-btn3 ult_main_dualbtn \" data-bcolor=\"#333333\"data-bhcolor=\"\">\n\n\t\t\t<div class=\"ult_dualbutton-wrapper btn-inline place-template bt1 \"><a href=\"https:\/\/www.dacia.ro\/promotii\/jogger-essential-tce-110.html\"  class=\"ult_ivan_button round-square with-icon icon-before with-text place-template ult_dual1\" style=\";margin-right:px;;background-color:#646B52 !important;; border-color:#333333;border-style:;border-width:0px;border-radius:px;;\">\n\t\t\t<span class=\"ult-dual-btn-1 Style 2\" style=\"\"  data-bgcolor=\"#646B52\" data-bghovercolor=\"#000000\" data-icon_color=\"#333333\" data-icon_hover_color=\"#333333\" data-textcolor=\"#FFFFFF\" data-texthovercolor=\"#FFFFFF\" data-iconbgcolor=\"transperent\" data-iconbghovercolor=\"transperent\" data-iconborder=\"transperent\" data-iconhoverborder=\"transperent\" >\n\t\t\t<span class=\"icon-simple icon-left1 ult_btn1span ult-dual-btn-no-icon\"  style=\";padding-left:0px; \"><\/span>\n\t\t\t<span class=\"text-btn ult-dual-button-title ult-responsive\"  data-ultimate-target='#dualbtn-7196 .ult-dual-button-title'  data-responsive-json-new='{\"font-size\":\"desktop:15px;\",\"line-height\":\"desktop:15px;\"}'  style=\"font-weight:normal;color:#FFFFFF;\">VEZI OFERTA<\/span>\n\n\t\t\t<\/span>\n\t\t\t<\/a><span class=\"middle-text\" style=\"line-height: 1.8em;color:#ffffff;background-color:#333333;border-width:0px;\">\n\t\t\t<span class=\"middle-inner\"  >|<\/span>\n\t\t\t<\/span>\n\n\t\t\t<\/div>\n\n\t\t\t<div class=\"ult_dualbutton-wrapper btn-inline place-template btn2 \"><a href=\"https:\/\/daciacluj.ro\/dacia-cluj\/solicitare-oferta\/\"  class=\"ult_ivan_button round-square with-icon icon-after with-text place-template ult_dual2\"  style=\";background-color:#FFFFFF !important;;margin-left:px;;border-color:#333333;border-style:;border-width:0px;border-radius:px;\">\n\t\t\t<span class=\"ult-dual-btn-2 Style 2\"  data-bgcolor=\"#FFFFFF\" data-bghovercolor=\"#FFFFFF\" data-icon_color=\"#333333\" data-icon_hover_color=\"#333333\" data-textcolor=\"#000000\" data-texthovercolor=\"#646B52\" data-iconbgcolor=\"transperent\" data-iconbghovercolor=\"transperent\" data-iconborder=\"transperent\" data-iconhoverborder=\"transperent\" >\n\t\t\t<span class=\"text-btn ult-dual-button-title\" style=\"font-weight:normal;color:#000000;\">VREAU OFERTA<\/span>\n\n\t\t\t<span class=\"icon-simple icon-right2 ult_btn1span ult-dual-btn-no-icon\"  style=\";padding-left:0px; \"><\/span>\n\t\t\t<\/span>\n\t\t\t<\/a><\/div>\n\t\t\t<\/div>\n\t\t\t<\/div>[\/vc_column][\/vc_row][vc_row][vc_column width=&#8221;1\/2&#8243;]<section class=\"shortcode-teaser img-full\"><div class=\"shortcode-teaser-img\"><a class=\"layzr-bg\" href=\"https:\/\/www.dacia.ro\/promotii\/duster-extreme-hybrid-g-150.html\" target=\"_blank\"><img loading=\"lazy\" decoding=\"async\" class=\"lazy-load\" src=\"data:image\/svg+xml;charset=utf-8,%3Csvg xmlns%3D&#039;http%3A%2F%2Fwww.w3.org%2F2000%2Fsvg&#039; viewBox%3D&#039;0 0 2048 1152&#039;%2F%3E\" width=\"2048\" height=\"1152\" data-srcset=\"http:\/\/daciacluj.ro\/wp-content\/uploads\/2026\/03\/DUSTER-SITE.webp 2048w\" data-src=\"http:\/\/daciacluj.ro\/wp-content\/uploads\/2026\/03\/DUSTER-SITE.webp\" \/><\/a><\/div><div class=\"shortcode-teaser-content text-big\"><p style=\"text-align: center;\"><span style=\"font-size: 12pt;\"><strong><span style=\"font-family: dacia-block;\">DUSTER 4X4<\/span><\/strong><\/span><\/p>\n<p style=\"text-align: center;\"><span style=\"font-family: dacia-block;\">de la <strong>27.550<\/strong> EUR (TVA inclus)*<\/span><\/p>\n<p style=\"text-align: center;\"><span style=\"font-family: dacia-block;\">*Ofert\u0103 supus\u0103 unor condi\u021bii.<\/span><\/p>\n<\/div><\/section>\n\t\t\t<div class=\"ult_dual_button  ult-adjust-bottom-margin to-center  \"  data-response=\"on\" id=\"ult_btn_1716751753\">\n\n\t\t\t<div id=\"dualbtn-2573\" class=\"ulitmate_dual_buttons ult-dual-btn3 ult_main_dualbtn \" data-bcolor=\"#333333\"data-bhcolor=\"\">\n\n\t\t\t<div class=\"ult_dualbutton-wrapper btn-inline place-template bt1 \"><a href=\"https:\/\/www.dacia.ro\/promotii\/duster-extreme-hybrid-g-150.html\"  class=\"ult_ivan_button round-square with-icon icon-before with-text place-template ult_dual1\" style=\";margin-right:px;;background-color:#646B52 !important;; border-color:#333333;border-style:;border-width:0px;border-radius:px;;\">\n\t\t\t<span class=\"ult-dual-btn-1 Style 2\" style=\"\"  data-bgcolor=\"#646B52\" data-bghovercolor=\"#000000\" data-icon_color=\"#333333\" data-icon_hover_color=\"#333333\" data-textcolor=\"#FFFFFF\" data-texthovercolor=\"#FFFFFF\" data-iconbgcolor=\"transperent\" data-iconbghovercolor=\"transperent\" data-iconborder=\"transperent\" data-iconhoverborder=\"transperent\" >\n\t\t\t<span class=\"icon-simple icon-left1 ult_btn1span ult-dual-btn-no-icon\"  style=\";padding-left:0px; \"><\/span>\n\t\t\t<span class=\"text-btn ult-dual-button-title ult-responsive\"  data-ultimate-target='#dualbtn-2573 .ult-dual-button-title'  data-responsive-json-new='{\"font-size\":\"desktop:15px;\",\"line-height\":\"desktop:15px;\"}'  style=\"font-weight:normal;color:#FFFFFF;\">VEZI OFERTA<\/span>\n\n\t\t\t<\/span>\n\t\t\t<\/a><span class=\"middle-text\" style=\"line-height: 1.8em;color:#ffffff;background-color:#333333;border-width:0px;\">\n\t\t\t<span class=\"middle-inner\"  >|<\/span>\n\t\t\t<\/span>\n\n\t\t\t<\/div>\n\n\t\t\t<div class=\"ult_dualbutton-wrapper btn-inline place-template btn2 \"><a href=\"https:\/\/daciacluj.ro\/dacia-cluj\/solicitare-oferta\/\"  class=\"ult_ivan_button round-square with-icon icon-after with-text place-template ult_dual2\"  style=\";background-color:#FFFFFF !important;;margin-left:px;;border-color:#333333;border-style:;border-width:0px;border-radius:px;\">\n\t\t\t<span class=\"ult-dual-btn-2 Style 2\"  data-bgcolor=\"#FFFFFF\" data-bghovercolor=\"#FFFFFF\" data-icon_color=\"#333333\" data-icon_hover_color=\"#333333\" data-textcolor=\"#000000\" data-texthovercolor=\"#646B52\" data-iconbgcolor=\"transperent\" data-iconbghovercolor=\"transperent\" data-iconborder=\"transperent\" data-iconhoverborder=\"transperent\" >\n\t\t\t<span class=\"text-btn ult-dual-button-title\" style=\"font-weight:normal;color:#000000;\">VREAU OFERTA<\/span>\n\n\t\t\t<span class=\"icon-simple icon-right2 ult_btn1span ult-dual-btn-no-icon\"  style=\";padding-left:0px; \"><\/span>\n\t\t\t<\/span>\n\t\t\t<\/a><\/div>\n\t\t\t<\/div>\n\t\t\t<\/div>[\/vc_column][vc_column width=&#8221;1\/2&#8243;]<section class=\"shortcode-teaser img-full\"><div class=\"shortcode-teaser-img\"><a class=\"layzr-bg\" href=\"https:\/\/www.dacia.ro\/promotii\/bigster-journey-hybrid-g-150.html\" target=\"_blank\"><img loading=\"lazy\" decoding=\"async\" class=\"lazy-load\" src=\"data:image\/svg+xml;charset=utf-8,%3Csvg xmlns%3D&#039;http%3A%2F%2Fwww.w3.org%2F2000%2Fsvg&#039; viewBox%3D&#039;0 0 2048 1152&#039;%2F%3E\" width=\"2048\" height=\"1152\" data-srcset=\"http:\/\/daciacluj.ro\/wp-content\/uploads\/2026\/03\/BIGSTER-SITE.webp 2048w\" data-src=\"http:\/\/daciacluj.ro\/wp-content\/uploads\/2026\/03\/BIGSTER-SITE.webp\" \/><\/a><\/div><div class=\"shortcode-teaser-content text-big\"><p style=\"text-align: center;\"><span style=\"font-size: 12pt;\"><strong><span style=\"font-family: dacia-block;\">BIGSTER 4X4<\/span><\/strong><\/span><\/p>\n<p style=\"text-align: center;\"><span style=\"font-family: dacia-block;\">de la <strong>30.300<\/strong> EUR (TVA inclus)*<\/span><\/p>\n<p style=\"text-align: center;\"><span style=\"font-family: dacia-block;\">*Ofert\u0103 supus\u0103 unor condi\u021bii.<\/span><\/p>\n<\/div><\/section>\n\t\t\t<div class=\"ult_dual_button  ult-adjust-bottom-margin to-center  \"  data-response=\"on\" id=\"ult_btn_1002697396\">\n\n\t\t\t<div id=\"dualbtn-6622\" class=\"ulitmate_dual_buttons ult-dual-btn3 ult_main_dualbtn \" data-bcolor=\"#333333\"data-bhcolor=\"\">\n\n\t\t\t<div class=\"ult_dualbutton-wrapper btn-inline place-template bt1 \"><a href=\"https:\/\/www.dacia.ro\/promotii\/bigster-journey-hybrid-g-150.html\"  class=\"ult_ivan_button round-square with-icon icon-before with-text place-template ult_dual1\" style=\";margin-right:px;;background-color:#646B52 !important;; border-color:#333333;border-style:;border-width:0px;border-radius:px;;\">\n\t\t\t<span class=\"ult-dual-btn-1 Style 2\" style=\"\"  data-bgcolor=\"#646B52\" data-bghovercolor=\"#000000\" data-icon_color=\"#333333\" data-icon_hover_color=\"#333333\" data-textcolor=\"#FFFFFF\" data-texthovercolor=\"#FFFFFF\" data-iconbgcolor=\"transperent\" data-iconbghovercolor=\"transperent\" data-iconborder=\"transperent\" data-iconhoverborder=\"transperent\" >\n\t\t\t<span class=\"icon-simple icon-left1 ult_btn1span ult-dual-btn-no-icon\"  style=\";padding-left:0px; \"><\/span>\n\t\t\t<span class=\"text-btn ult-dual-button-title ult-responsive\"  data-ultimate-target='#dualbtn-6622 .ult-dual-button-title'  data-responsive-json-new='{\"font-size\":\"desktop:15px;\",\"line-height\":\"desktop:15px;\"}'  style=\"font-weight:normal;color:#FFFFFF;\">VEZI OFERTA<\/span>\n\n\t\t\t<\/span>\n\t\t\t<\/a><span class=\"middle-text\" style=\"line-height: 1.8em;color:#ffffff;background-color:#333333;border-width:0px;\">\n\t\t\t<span class=\"middle-inner\"  >|<\/span>\n\t\t\t<\/span>\n\n\t\t\t<\/div>\n\n\t\t\t<div class=\"ult_dualbutton-wrapper btn-inline place-template btn2 \"><a href=\"https:\/\/daciacluj.ro\/dacia-cluj\/solicitare-oferta\/\"  class=\"ult_ivan_button round-square with-icon icon-after with-text place-template ult_dual2\"  style=\";background-color:#FFFFFF !important;;margin-left:px;;border-color:#333333;border-style:;border-width:0px;border-radius:px;\">\n\t\t\t<span class=\"ult-dual-btn-2 Style 2\"  data-bgcolor=\"#FFFFFF\" data-bghovercolor=\"#FFFFFF\" data-icon_color=\"#333333\" data-icon_hover_color=\"#333333\" data-textcolor=\"#000000\" data-texthovercolor=\"#646B52\" data-iconbgcolor=\"transperent\" data-iconbghovercolor=\"transperent\" data-iconborder=\"transperent\" data-iconhoverborder=\"transperent\" >\n\t\t\t<span class=\"text-btn ult-dual-button-title\" style=\"font-weight:normal;color:#000000;\">VREAU OFERTA<\/span>\n\n\t\t\t<span class=\"icon-simple icon-right2 ult_btn1span ult-dual-btn-no-icon\"  style=\";padding-left:0px; \"><\/span>\n\t\t\t<\/span>\n\t\t\t<\/a><\/div>\n\t\t\t<\/div>\n\t\t\t<\/div>[\/vc_column][\/vc_row][vc_row][vc_column][vc_empty_space height=&#8221;16px&#8221;]<div class=\"hr-thin style-line\" style=\"width: 100%;border-color: #646B52;border-top-width: 2px;\"><\/div>[vc_empty_space height=&#8221;16px&#8221;][\/vc_column][\/vc_row][vc_row][vc_column][vc_empty_space height=&#8221;16px&#8221;]<div class=\"hr-thin style-line\" style=\"width: 100%;border-color: #646B52;border-top-width: 2px;\"><\/div>[vc_empty_space height=&#8221;16px&#8221;][\/vc_column][\/vc_row][vc_row][vc_column width=&#8221;1\/2&#8243;][vc_empty_space height=&#8221;50px&#8221;][vc_column_text css=&#8221;&#8221;]<\/p>\n<h3 class=\"AemRTE EditoImgText__editoDescription\" style=\"text-align: center;\"><span style=\"font-family: dacia-block; font-size: 24pt;\">OFERTE <span style=\"color: #646b52;\">FINAN\u021aARE<\/span><\/span><\/h3>\n<p style=\"text-align: center;\"><span style=\"font-family: dacia-block; font-size: 14pt;\">Dacia \u00ee\u021bi ofer\u0103 cele mai potrivite solu\u021bii de finan\u021bare ca s\u0103 \u00ee\u021bi cumperi ma\u0219ina visat\u0103. Credit, leasing, lei sau euro, afl\u0103 care este cea mai potrivit\u0103 solu\u021bie de finan\u021bare pentru tine!<\/span><\/p>\n<p>[\/vc_column_text]<style type=\"text\/css\" data-type=\"the7_shortcodes-inline-css\">#default-btn-81ebbe749cc1bb56f568e9c29ded9d04.ico-right-side > i {\n  margin-right: 0px;\n  margin-left: 8px;\n}\n#default-btn-81ebbe749cc1bb56f568e9c29ded9d04 > i {\n  margin-right: 8px;\n}\n<\/style><div class=\"btn-align-center\"><a href=\"https:\/\/www.dacia.ro\/finantare.html\" class=\"default-btn-shortcode dt-btn dt-btn-m link-hover-off \" id=\"default-btn-81ebbe749cc1bb56f568e9c29ded9d04\" title=\"VEZI OFERTELE\"><span>VEZI OFERTELE<\/span><\/a><\/div>[\/vc_column][vc_column width=&#8221;1\/2&#8243;][vc_single_image image=&#8221;44949&#8243; img_size=&#8221;large&#8221; css=&#8221;&#8221;][\/vc_column][\/vc_row][vc_row][vc_column][\/vc_column][vc_column][vc_empty_space height=&#8221;16px&#8221;]<div class=\"hr-thin style-line\" style=\"width: 100%;border-color: #646B52;border-top-width: 2px;\"><\/div>[vc_empty_space height=&#8221;16px&#8221;][vc_empty_space][\/vc_column][\/vc_row][vc_row][vc_column width=&#8221;1\/4&#8243;]<style type=\"text\/css\" data-type=\"the7_shortcodes-inline-css\">#default-btn-a93b72abe0d9f8537c99ea0f057abd4f.ico-right-side > i {\n  margin-right: 0px;\n  margin-left: 8px;\n}\n#default-btn-a93b72abe0d9f8537c99ea0f057abd4f > i {\n  margin-right: 8px;\n}\n<\/style><div class=\"btn-align-center\"><a href=\"https:\/\/daciacluj.ro\/dacia-cluj\/programare-drive-test\/\" class=\"default-btn-shortcode dt-btn dt-btn-m link-hover-off \" id=\"default-btn-a93b72abe0d9f8537c99ea0f057abd4f\" title=\"Programare Drive Test\"><span>PROGRAMARE DRIVE TEST<\/span><\/a><\/div>[\/vc_column][vc_column width=&#8221;1\/4&#8243;]<style type=\"text\/css\" data-type=\"the7_shortcodes-inline-css\">#default-btn-f9a20440a4b78824660e080fae809042.ico-right-side > i {\n  margin-right: 0px;\n  margin-left: 8px;\n}\n#default-btn-f9a20440a4b78824660e080fae809042 > i {\n  margin-right: 8px;\n}\n<\/style><div class=\"btn-align-center\"><a href=\"https:\/\/daciacluj.ro\/dacia-cluj\/solicitare-oferta\/\" class=\"default-btn-shortcode dt-btn dt-btn-m link-hover-off \" id=\"default-btn-f9a20440a4b78824660e080fae809042\" title=\"Solicitare Ofert\u0103\"><span>SOLICITARE OFERT\u0102<\/span><\/a><\/div>[\/vc_column][vc_column width=&#8221;1\/4&#8243;]<style type=\"text\/css\" data-type=\"the7_shortcodes-inline-css\">#default-btn-0c0f11055dacd43590a83d2526324b7b.ico-right-side > i {\n  margin-right: 0px;\n  margin-left: 8px;\n}\n#default-btn-0c0f11055dacd43590a83d2526324b7b > i {\n  margin-right: 8px;\n}\n<\/style><div class=\"btn-align-center\"><a href=\"https:\/\/daciacluj.ro\/dacia-cluj\/programare-in-service\/\" class=\"default-btn-shortcode dt-btn dt-btn-m link-hover-off \" id=\"default-btn-0c0f11055dacd43590a83d2526324b7b\" title=\"Programare \u00cen Service\"><span>PROGRAMARE \u00ceN SERVICE<\/span><\/a><\/div>[\/vc_column][vc_column width=&#8221;1\/4&#8243;]<style type=\"text\/css\" data-type=\"the7_shortcodes-inline-css\">#default-btn-aad9cf7bccbca4198b1ba4a87d21c4e3.ico-right-side > i {\n  margin-right: 0px;\n  margin-left: 8px;\n}\n#default-btn-aad9cf7bccbca4198b1ba4a87d21c4e3 > i {\n  margin-right: 8px;\n}\n<\/style><div class=\"btn-align-center\"><a href=\"https:\/\/daciacluj.ro\/dacia-cluj\/programare-itp\/\" class=\"default-btn-shortcode dt-btn dt-btn-m link-hover-off \" id=\"default-btn-aad9cf7bccbca4198b1ba4a87d21c4e3\" title=\"Programare ITP\"><span>PROGRAMARE ITP<\/span><\/a><\/div>[\/vc_column][\/vc_row]<\/p>\n<\/div>","protected":false},"excerpt":{"rendered":"<p>[vc_row margin_top=&#8221;-50&#8243; margin_bottom=&#8221;5&#8243; css=&#8221;.vc_custom_1467111287615{margin-bottom: 5px !important;}&#8221;][vc_column][vc_empty_space][vc_column_text css=&#8221;&#8221;] LUNA DACIA G\u0102SE\u0218TE OFERTA POTRIVIT\u0102! [\/vc_column_text][\/vc_column][\/vc_row][vc_row][vc_column width=&#8221;1\/3&#8243;][\/vc_column][vc_column width=&#8221;1\/3&#8243;][\/vc_column][vc_column width=&#8221;1\/3&#8243;][\/vc_column][\/vc_row][vc_row][vc_column width=&#8221;1\/2&#8243;][\/vc_column][vc_column width=&#8221;1\/2&#8243;][\/vc_column][\/vc_row][vc_row][vc_column][vc_empty_space height=&#8221;16px&#8221;][vc_empty_space height=&#8221;16px&#8221;][\/vc_column][\/vc_row][vc_row][vc_column][vc_empty_space height=&#8221;16px&#8221;][vc_empty_space height=&#8221;16px&#8221;][\/vc_column][\/vc_row][vc_row][vc_column width=&#8221;1\/2&#8243;][vc_empty_space height=&#8221;50px&#8221;][vc_column_text css=&#8221;&#8221;] OFERTE FINAN\u021aARE Dacia \u00ee\u021bi ofer\u0103 cele mai potrivite solu\u021bii de finan\u021bare ca s\u0103 \u00ee\u021bi cumperi ma\u0219ina visat\u0103. Credit, leasing, lei sau euro, afl\u0103 care este cea mai potrivit\u0103 solu\u021bie de&hellip;<\/p>\n","protected":false},"author":1,"featured_media":0,"parent":0,"menu_order":0,"comment_status":"closed","ping_status":"closed","template":"","meta":{"footnotes":""},"class_list":["post-44693","page","type-page","status-publish","hentry","description-off"],"_links":{"self":[{"href":"http:\/\/daciacluj.ro\/dacia-cluj\/wp-json\/wp\/v2\/pages\/44693","targetHints":{"allow":["GET"]}}],"collection":[{"href":"http:\/\/daciacluj.ro\/dacia-cluj\/wp-json\/wp\/v2\/pages"}],"about":[{"href":"http:\/\/daciacluj.ro\/dacia-cluj\/wp-json\/wp\/v2\/types\/page"}],"author":[{"embeddable":true,"href":"http:\/\/daciacluj.ro\/dacia-cluj\/wp-json\/wp\/v2\/users\/1"}],"replies":[{"embeddable":true,"href":"http:\/\/daciacluj.ro\/dacia-cluj\/wp-json\/wp\/v2\/comments?post=44693"}],"version-history":[{"count":59,"href":"http:\/\/daciacluj.ro\/dacia-cluj\/wp-json\/wp\/v2\/pages\/44693\/revisions"}],"predecessor-version":[{"id":45156,"href":"http:\/\/daciacluj.ro\/dacia-cluj\/wp-json\/wp\/v2\/pages\/44693\/revisions\/45156"}],"wp:attachment":[{"href":"http:\/\/daciacluj.ro\/dacia-cluj\/wp-json\/wp\/v2\/media?parent=44693"}],"curies":[{"name":"wp","href":"https:\/\/api.w.org\/{rel}","templated":true}]}}