{"id":44430,"date":"2024-07-09T11:50:41","date_gmt":"2024-07-09T11:50:41","guid":{"rendered":"https:\/\/daciacluj.ro\/?page_id=44430"},"modified":"2025-03-13T10:03:21","modified_gmt":"2025-03-13T10:03:21","slug":"service-mecanica","status":"publish","type":"page","link":"https:\/\/daciacluj.ro\/dacia-cluj\/service-mecanica\/","title":{"rendered":"Service Mecanica"},"content":{"rendered":"<div class=\"wpb-content-wrapper\"><p>[vc_row margin_top=&#8221;-50&#8243; margin_bottom=&#8221;5&#8243; css=&#8221;.vc_custom_1467111287615{margin-bottom: 5px !important;}&#8221;][vc_column][vc_text_separator title=&#8221;&#8221; color=&#8221;custom&#8221; style=&#8221;shadow&#8221; accent_color=&#8221;#b33d26&#8243;][\/vc_column][\/vc_row][vc_row margin_top=&#8221;-50&#8243; margin_bottom=&#8221;5&#8243; css=&#8221;.vc_custom_1467111287615{margin-bottom: 5px !important;}&#8221;][vc_column width=&#8221;1\/2&#8243;][vc_empty_space height=&#8221;90px&#8221;][vc_column_text css=&#8221;&#8221;]<\/p>\n<h2 class=\"AemRTE EditoImgText__editoDescription\" style=\"text-align: center;\"><span style=\"font-family: dacia-block; font-size: 12pt;\">La Dacia Service Cluj, exper\u021bii no\u0219tri execut\u0103 cu profesionalism opera\u021biunile de mecanic\u0103 \u0219i \u00eentre\u021binere, asigur\u00e2ndu-se c\u0103 ma\u0219ina ta func\u021bioneaz\u0103 \u00een cele mai bune condi\u021bii.<\/span><\/h2>\n<p>[\/vc_column_text][vc_text_separator title=&#8221;&#8221; color=&#8221;custom&#8221; style=&#8221;shadow&#8221; accent_color=&#8221;#b33d26&#8243;][\/vc_column][vc_column width=&#8221;1\/2&#8243;]<section class=\"shortcode-teaser frame-fancy frame-on fadeInDownBig animate-element\"><div class=\"layzr-bg shortcode-teaser-img\"><img loading=\"lazy\" decoding=\"async\" class=\"lazy-load\" src=\"data:image\/svg+xml;charset=utf-8,%3Csvg xmlns%3D&#039;http%3A%2F%2Fwww.w3.org%2F2000%2Fsvg&#039; viewBox%3D&#039;0 0 1077 916&#039;%2F%3E\" width=\"1077\" height=\"916\" data-srcset=\"https:\/\/daciacluj.ro\/wp-content\/uploads\/2024\/07\/1.jpg 1077w\" data-src=\"https:\/\/daciacluj.ro\/wp-content\/uploads\/2024\/07\/1.jpg\" \/><\/div><div class=\"shortcode-teaser-content text-big\"><\/div><\/section>[vc_empty_space][\/vc_column][\/vc_row][vc_row margin_top=&#8221;-50&#8243; margin_bottom=&#8221;5&#8243; css=&#8221;.vc_custom_1467111287615{margin-bottom: 5px !important;}&#8221;][vc_column width=&#8221;1\/2&#8243;]<section class=\"shortcode-teaser frame-fancy frame-on fadeInDownBig animate-element\"><div class=\"layzr-bg shortcode-teaser-img\"><img loading=\"lazy\" decoding=\"async\" class=\"lazy-load\" src=\"data:image\/svg+xml;charset=utf-8,%3Csvg xmlns%3D&#039;http%3A%2F%2Fwww.w3.org%2F2000%2Fsvg&#039; viewBox%3D&#039;0 0 600 872&#039;%2F%3E\" width=\"600\" height=\"872\" data-srcset=\"https:\/\/daciacluj.ro\/wp-content\/uploads\/2024\/07\/2-e1720526719693.jpg 600w\" data-src=\"https:\/\/daciacluj.ro\/wp-content\/uploads\/2024\/07\/2-e1720526719693.jpg\" \/><\/div><div class=\"shortcode-teaser-content text-big\"><\/div><\/section>[vc_empty_space][\/vc_column][vc_column width=&#8221;1\/2&#8243;][vc_empty_space height=&#8221;120px&#8221;][vc_column_text css=&#8221;&#8221;]<\/p>\n<h2 style=\"text-align: center;\"><span style=\"font-family: dacia-block; font-size: 12pt;\">Indiferent dac\u0103 este vorba de schimbarea anvelopelor, repararea sistemului de fr\u00e2nare sau \u00eenlocuirea kit-ului de distribu\u021bie, la DACIA SERVICE CLUJ prime\u0219ti garan\u021bia unei calit\u0103\u021bi superioare \u0219i siguran\u021b\u0103 maxim\u0103. Dac\u0103 vrei s\u0103 \u00ee\u021bi men\u021bii vehiculul \u00een stare perfect\u0103, f\u0103r\u0103 surprize nepl\u0103cute pentru bugetul t\u0103u, programeaz\u0103 o vizit\u0103 \u00een service-ul nostru.<\/span><\/h2>\n<p>[\/vc_column_text][vc_text_separator title=&#8221;&#8221; color=&#8221;custom&#8221; style=&#8221;shadow&#8221; accent_color=&#8221;#b33d26&#8243;][\/vc_column][\/vc_row][vc_row type=&#8221;1&#8243; padding_top=&#8221;55&#8243; padding_bottom=&#8221;20&#8243; bg_repeat=&#8221;repeat&#8221;][vc_column offset=&#8221;vc_col-lg-3 vc_col-md-3&#8243;][vc_column_text]<\/p>\n<h4>Specializ\u0103rile noastre<\/h4>\n<p>[\/vc_column_text][vc_empty_space height=&#8221;20px&#8221;][vc_column_text css=&#8221;&#8221;]<span style=\"font-family: dacia-block;\">Pentru a fi mereu furnizori de \u00eencredere pentru clien\u021bii no\u0219tri, am dezvoltat ateliere pentru toate\u00a0 specializ\u0103rile auto \u0219i asigur\u0103m servicii de \u00eenalta clas\u0103 prin personalul specializat.<\/span>[\/vc_column_text][vc_empty_space height=&#8221;40px&#8221;][\/vc_column][vc_column offset=&#8221;vc_col-lg-9 vc_col-md-9&#8243;]<section id=\"benefits-grid-1\" class=\"benefits-grid wf-container benefits-style-two icons-bg accent-bg light-hover-bg custom-icon-color accent-icon-hover-color\" data-width=\"300px\" data-columns=\"2\"><style type=\"text\/css\">#benefits-grid-1.icons-bg .benefits-grid-ico { height: 44px; line-height: 44px; width: 44px;-webkit-border-radius: 100px;-moz-border-radius: 100px;-ms-border-radius: 100px;-o-border-radius: 100px;border-radius: 100px; }#benefits-grid-1.icons-bg .benefits-grid-ico > i { font-size: 22px; line-height: 44px; }#benefits-grid-1.custom-icon-color .benefits-grid-ico > i,\n\t\t\t\t\t#benefits-grid-1.custom-icon-color .benefits-grid-ico > i:before { color: #ffffff; }<\/style><div class=\"wf-cell\"><div><div class=\"text-big\"><div class=\"wf-table\"><div class=\"wf-td\"><span class=\"benefits-grid-ico fadeInLeft animate-element\"><i class=\"fa fa-cogs\"><\/i><\/span><\/div><div class=\"wf-td benefits-inner\"><h5>Atelier mecanic\u0103<\/h5><p>Repara\u021bii mecanice la marca Dacia \u0219i alte m\u0103rci auto.<\/p>\n<\/div><\/div><\/div><\/div><\/div><div class=\"wf-cell\"><div><div class=\"text-big\"><div class=\"wf-table\"><div class=\"wf-td\"><span class=\"benefits-grid-ico fadeInLeft animate-element\"><i class=\"fa fa-bolt\"><\/i>\r\n<\/span><\/div><div class=\"wf-td benefits-inner\"><h5>Service instala\u021bii electrice \u0219i echipamente electronice<\/h5><p>Diagnoz\u0103 computerizat\u0103 \u0219i repara\u021bii.<\/p>\n<\/div><\/div><\/div><\/div><\/div><div class=\"wf-cell\"><div><div class=\"text-big\"><div class=\"wf-table\"><div class=\"wf-td\"><span class=\"benefits-grid-ico fadeInLeft animate-element\"><i class=\"fa fa-thumbs-o-up\"><\/i><\/span><\/div><div class=\"wf-td benefits-inner\"><h5>Atelier tinichigerie<\/h5><p>Repara\u021bii \u0219i \u00eenlocuiri elemente de caroserie.<\/p>\n<\/div><\/div><\/div><\/div><\/div><div class=\"wf-cell\"><div><div class=\"text-big\"><div class=\"wf-table\"><div class=\"wf-td\"><span class=\"benefits-grid-ico fadeInLeft animate-element\"><i class=\"fa fa-tablet\"><\/i><\/span><\/div><div class=\"wf-td benefits-inner\"><h5>Vopsitorie<\/h5><p>Cabin\u0103 vopsitorie \u0219i vopsele de cea mai buna calitate. Nuan\u021bare computerizat\u0103.<\/p>\n<\/div><\/div><\/div><\/div><\/div><div class=\"wf-cell\"><div><div class=\"text-big\"><div class=\"wf-table\"><div class=\"wf-td\"><span class=\"benefits-grid-ico fadeInLeft animate-element\"><i class=\"fa fa-taxi\"><\/i><\/span><\/div><div class=\"wf-td benefits-inner\"><h5>Inspec\u021bie Tehnic\u0103 Periodic\u0103 (ITP)<\/h5><p>Inspec\u021bie Tehnic\u0103 Periodic\u0103 pentru autovehicule p\u00e2n\u0103 la o mas\u0103 de 3.5 tone.<\/p>\n<\/div><\/div><\/div><\/div><\/div><div class=\"wf-cell\"><div><div class=\"text-big\"><div class=\"wf-table\"><div class=\"wf-td\"><span class=\"benefits-grid-ico fadeInLeft animate-element\"><i class=\"fa fa-dot-circle-o\"><\/i>\r\n<\/span><\/div><div class=\"wf-td benefits-inner\"><h5>Service ro\u021bi<\/h5><p>\u00cenlocuire pneuri, echilibrare ro\u021bi \u0219i Hotel de anvelope.<\/p>\n<\/div><\/div><\/div><\/div><\/div><div class=\"wf-cell\"><div><div class=\"text-big\"><div class=\"wf-table\"><div class=\"wf-td\"><span class=\"benefits-grid-ico fadeInLeft animate-element\"><i class=\"fa fa-shopping-cart\"><\/i>\r\n<\/span><\/div><div class=\"wf-td benefits-inner\"><h5>Magazin piese de schimb \u0219i accesorii<\/h5><\/div><\/div><\/div><\/div><\/div><div class=\"wf-cell\"><div><div class=\"text-big\"><div class=\"wf-table\"><div class=\"wf-td\"><span class=\"benefits-grid-ico fadeInLeft animate-element\"><i class=\"fa fa-truck\"><\/i>\r\n<\/span><\/div><div class=\"wf-td benefits-inner\"><h5>Asiten\u021b\u0103 rutier\u0103<\/h5><\/div><\/div><\/div><\/div><\/div><\/section>[vc_empty_space height=&#8221;40px&#8221;][\/vc_column][\/vc_row][vc_row][vc_column width=&#8221;1\/4&#8243;]<style type=\"text\/css\" data-type=\"the7_shortcodes-inline-css\">#default-btn-6cc004d58e1f0998fc00bf89608cf63d.ico-right-side > i {\n  margin-right: 0px;\n  margin-left: 8px;\n}\n#default-btn-6cc004d58e1f0998fc00bf89608cf63d > i {\n  margin-right: 8px;\n}\n<\/style><a href=\"https:\/\/daciacluj.ro\/programare-drive-test\/\" class=\"default-btn-shortcode dt-btn dt-btn-l link-hover-off btn-inline-left \" id=\"default-btn-6cc004d58e1f0998fc00bf89608cf63d\" title=\"Programare Drive Test\"><span>Programare drive test<\/span><\/a>[\/vc_column][vc_column width=&#8221;1\/4&#8243;]<style type=\"text\/css\" data-type=\"the7_shortcodes-inline-css\">#default-btn-cb178531b27cf49feb320a5512d605ac.ico-right-side > i {\n  margin-right: 0px;\n  margin-left: 8px;\n}\n#default-btn-cb178531b27cf49feb320a5512d605ac > i {\n  margin-right: 8px;\n}\n<\/style><a href=\"https:\/\/daciacluj.ro\/solicitare-oferta\/\" class=\"default-btn-shortcode dt-btn dt-btn-l link-hover-off btn-inline-left \" id=\"default-btn-cb178531b27cf49feb320a5512d605ac\" title=\"Solicitare Ofert\u0103\"><span>Solicitare Ofert\u0103<\/span><\/a>[\/vc_column][vc_column width=&#8221;1\/4&#8243;]<style type=\"text\/css\" data-type=\"the7_shortcodes-inline-css\">#default-btn-0eb9b85b8a17103091e19746b66f313e.ico-right-side > i {\n  margin-right: 0px;\n  margin-left: 8px;\n}\n#default-btn-0eb9b85b8a17103091e19746b66f313e > i {\n  margin-right: 8px;\n}\n<\/style><a href=\"https:\/\/daciacluj.ro\/programare-in-service\/\" class=\"default-btn-shortcode dt-btn dt-btn-l link-hover-off btn-inline-left \" id=\"default-btn-0eb9b85b8a17103091e19746b66f313e\" title=\"Programare \u00cen Service\"><span>Programare \u00een service<\/span><\/a>[\/vc_column][vc_column width=&#8221;1\/4&#8243;]<style type=\"text\/css\" data-type=\"the7_shortcodes-inline-css\">#default-btn-a306f6bc99f7b4c4fadd51cd5e6dd737.ico-right-side > i {\n  margin-right: 0px;\n  margin-left: 8px;\n}\n#default-btn-a306f6bc99f7b4c4fadd51cd5e6dd737 > i {\n  margin-right: 8px;\n}\n<\/style><div class=\"btn-align-right\"><a href=\"https:\/\/daciacluj.ro\/programare-itp\/\" class=\"default-btn-shortcode dt-btn dt-btn-l link-hover-off \" id=\"default-btn-a306f6bc99f7b4c4fadd51cd5e6dd737\" title=\"Programare ITP\"><span>Programare ITP<\/span><\/a><\/div>[\/vc_column][\/vc_row]<\/p>\n<\/div>","protected":false},"excerpt":{"rendered":"<p>[vc_row margin_top=&#8221;-50&#8243; margin_bottom=&#8221;5&#8243; css=&#8221;.vc_custom_1467111287615{margin-bottom: 5px !important;}&#8221;][vc_column][vc_text_separator title=&#8221;&#8221; color=&#8221;custom&#8221; style=&#8221;shadow&#8221; accent_color=&#8221;#b33d26&#8243;][\/vc_column][\/vc_row][vc_row margin_top=&#8221;-50&#8243; margin_bottom=&#8221;5&#8243; css=&#8221;.vc_custom_1467111287615{margin-bottom: 5px !important;}&#8221;][vc_column width=&#8221;1\/2&#8243;][vc_empty_space height=&#8221;90px&#8221;][vc_column_text css=&#8221;&#8221;] La Dacia Service Cluj, exper\u021bii no\u0219tri execut\u0103 cu profesionalism opera\u021biunile de mecanic\u0103 \u0219i \u00eentre\u021binere, asigur\u00e2ndu-se c\u0103 ma\u0219ina ta func\u021bioneaz\u0103 \u00een cele mai bune condi\u021bii. [\/vc_column_text][vc_text_separator title=&#8221;&#8221; color=&#8221;custom&#8221; style=&#8221;shadow&#8221; accent_color=&#8221;#b33d26&#8243;][\/vc_column][vc_column width=&#8221;1\/2&#8243;][vc_empty_space][\/vc_column][\/vc_row][vc_row margin_top=&#8221;-50&#8243; margin_bottom=&#8221;5&#8243; css=&#8221;.vc_custom_1467111287615{margin-bottom: 5px !important;}&#8221;][vc_column width=&#8221;1\/2&#8243;][vc_empty_space][\/vc_column][vc_column width=&#8221;1\/2&#8243;][vc_empty_space&hellip;<\/p>\n","protected":false},"author":1,"featured_media":0,"parent":0,"menu_order":0,"comment_status":"closed","ping_status":"closed","template":"","meta":{"footnotes":""},"class_list":["post-44430","page","type-page","status-publish","hentry","description-off"],"_links":{"self":[{"href":"https:\/\/daciacluj.ro\/dacia-cluj\/wp-json\/wp\/v2\/pages\/44430","targetHints":{"allow":["GET"]}}],"collection":[{"href":"https:\/\/daciacluj.ro\/dacia-cluj\/wp-json\/wp\/v2\/pages"}],"about":[{"href":"https:\/\/daciacluj.ro\/dacia-cluj\/wp-json\/wp\/v2\/types\/page"}],"author":[{"embeddable":true,"href":"https:\/\/daciacluj.ro\/dacia-cluj\/wp-json\/wp\/v2\/users\/1"}],"replies":[{"embeddable":true,"href":"https:\/\/daciacluj.ro\/dacia-cluj\/wp-json\/wp\/v2\/comments?post=44430"}],"version-history":[{"count":16,"href":"https:\/\/daciacluj.ro\/dacia-cluj\/wp-json\/wp\/v2\/pages\/44430\/revisions"}],"predecessor-version":[{"id":44733,"href":"https:\/\/daciacluj.ro\/dacia-cluj\/wp-json\/wp\/v2\/pages\/44430\/revisions\/44733"}],"wp:attachment":[{"href":"https:\/\/daciacluj.ro\/dacia-cluj\/wp-json\/wp\/v2\/media?parent=44430"}],"curies":[{"name":"wp","href":"https:\/\/api.w.org\/{rel}","templated":true}]}}